{"id":24574,"date":"2025-03-18T11:48:26","date_gmt":"2025-03-18T07:48:26","guid":{"rendered":"https:\/\/fastway.ae\/chi-siamo\/"},"modified":"2025-05-30T12:03:18","modified_gmt":"2025-05-30T08:03:18","slug":"chi-siamo","status":"publish","type":"page","link":"https:\/\/fastway.ae\/it\/chi-siamo\/","title":{"rendered":"Chi siamo"},"content":{"rendered":"\n<h2 class=\"wp-block-heading\">Scopri un nuovo modo di viaggiare negli Emirati Arabi Uniti \ud83d\ude97<\/h2>\n\n<p><strong><strong>FastWay, gestita da Dream List Tourism LLC, fondata nel 2020, \u00e8 diventata rapidamente un fornitore leader di servizi di trasporto e turismo di alta qualit\u00e0 in tutti gli Emirati Arabi Uniti. La nostra reputazione si basa su un impegno incrollabile per la qualit\u00e0, la professionalit\u00e0 e il servizio personalizzato. <\/strong><\/strong><\/p>\n\n<p>La visione di FastWay \u00e8 nata da una profonda comprensione delle esigenze turistiche e di mobilit\u00e0 negli Emirati Arabi Uniti. Abbiamo identificato la necessit\u00e0 di un servizio di trasporto affidabile, flessibile e confortevole che combinasse i pi\u00f9 alti standard con un approccio personalizzato e attento. Dalla nostra fondazione, abbiamo lavorato continuamente per migliorare e ottimizzare i nostri servizi. La crescente domanda dei nostri servizi dimostra il nostro successo nell'identificare e fornire soluzioni di trasporto precisamente su misura per le esigenze dei visitatori degli Emirati Arabi Uniti \ud83c\udf1f   <\/p>\n\n<p>La nostra flotta avanzata include un'ampia gamma di soluzioni di trasporto adatte a ogni esigenza \u2013 dalle berline di lusso per viaggi personali, ai SUV spaziosi per famiglie, ai minivan per piccoli gruppi, fino ai pullman di lusso per grandi gruppi fino a 49 passeggeri. \ud83d\ude98 Tutti i nostri veicoli sono mantenuti ai pi\u00f9 alti standard e dotati di comfort, incluse bottiglie d'acqua fredda gratuite in ogni viaggio e seggiolini per bambini su richiesta senza costi aggiuntivi. La nostra flotta viene regolarmente rinnovata per garantire che i nostri clienti godano di veicoli moderni, confortevoli e affidabili in ogni viaggio.  <\/p>\n\n<p>Il nostro team \u00e8 composto da autisti professionisti con vasta esperienza nel turismo e nel trasporto passeggeri. \ud83d\udc68\u200d\u2708\ufe0f Ogni autista segue una formazione completa ed \u00e8 impegnato ai pi\u00f9 alti standard di servizio, puntualit\u00e0 e sicurezza. Tutti i nostri autisti sono autorizzati, completamente assicurati e sottoposti a controlli approfonditi, quindi puoi essere sicuro di essere in buone mani. La loro familiarit\u00e0 con le strade, i siti turistici e la cultura locale aggiunge un valore significativo all'esperienza di viaggio. Combinati con eccellenti capacit\u00e0 di servizio clienti, rendono ogni viaggio parte integrante di un'esperienza positiva per i visitatori negli Emirati Arabi Uniti.    <\/p>\n\n<figure class=\"wp-block-image size-full\"><img loading=\"lazy\" decoding=\"async\" width=\"2050\" height=\"780\" src=\"https:\/\/fastway.ae\/wp-content\/uploads\/2025\/04\/fastway_page_cover.png\" alt=\"\" class=\"wp-image-24968\" srcset=\"https:\/\/fastway.ae\/wp-content\/uploads\/2025\/04\/fastway_page_cover.png 2050w, https:\/\/fastway.ae\/wp-content\/uploads\/2025\/04\/fastway_page_cover-300x114.png 300w, https:\/\/fastway.ae\/wp-content\/uploads\/2025\/04\/fastway_page_cover-1024x390.png 1024w, https:\/\/fastway.ae\/wp-content\/uploads\/2025\/04\/fastway_page_cover-768x292.png 768w, https:\/\/fastway.ae\/wp-content\/uploads\/2025\/04\/fastway_page_cover-1536x584.png 1536w, https:\/\/fastway.ae\/wp-content\/uploads\/2025\/04\/fastway_page_cover-2048x779.png 2048w, https:\/\/fastway.ae\/wp-content\/uploads\/2025\/04\/fastway_page_cover-460x175.png 460w, https:\/\/fastway.ae\/wp-content\/uploads\/2025\/04\/fastway_page_cover-800x304.png 800w\" sizes=\"auto, (max-width: 2050px) 100vw, 2050px\" \/><\/figure>\n\n<p>Ci specializziamo in vari servizi di trasporto, tra cui trasferimenti da tutti gli aeroporti degli Emirati Arabi Uniti \u2708\ufe0f, trasporti interurbani (come da Dubai ad Abu Dhabi), servizi di autista privato a ore \u23f1\ufe0f, navette per eventi aziendali, escursioni turistiche private e pacchetti turistici completi. Il nostro servizio di accoglienza garantisce che il tuo autista ti aspetter\u00e0 indipendentemente dalle circostanze, anche in caso di ritardi dei voli. Inoltre, il nostro servizio porta a porta ti assicurer\u00e0 di arrivare direttamente a destinazione senza alcun fastidio extra.  <\/p>\n\n<p>Ogni cliente riceve un piano di servizio precisamente su misura per le proprie esigenze, con completa flessibilit\u00e0 per le modifiche e supporto disponibile 24 ore su 24. \ud83d\udcf1 Capiamo che i piani di viaggio possono cambiare, quindi offriamo cancellazione gratuita fino a 48 ore prima del viaggio e siamo sempre felici di adattare il nostro servizio a questi cambiamenti in modo efficiente e tempestivo. <\/p>\n\n<p>FastWay non \u00e8 solo una compagnia di trasporti; ci vediamo come partner completi nella tua esperienza negli Emirati Arabi Uniti. Il nostro quadro di servizi include anche soluzioni complementari come la pianificazione di tour, raccomandazioni per ristoranti di qualit\u00e0, prenotazioni di hotel e attrazioni, e accompagnamento di guide turistiche certificate. Il nostro team di servizio clienti parla pi\u00f9 lingue (inglese, arabo, russo ed ebraico) e conosce i siti principali come Burj Khalifa, Dubai Marina, l'area di Palm Jumeirah \ud83c\udf34, e altro ancora, insieme a gemme nascoste che solo i locali conoscono. Siamo felici di condividere questa conoscenza con te e aiutarti a creare la vacanza perfetta. Tutto questo ti permette di concentrarti sul godere della tua visita mentre noi ci occupiamo di tutti i dettagli logistici.    <\/p>\n\n<p>Inoltre, il nostro team si aggiorna regolarmente su tutti i nuovi eventi, attrazioni e sviluppi negli Emirati Arabi Uniti \u2013 dagli spettacoli e eventi sportivi ai festival e alle mostre. \ud83c\udfad In questo modo, possiamo offrirti le informazioni pi\u00f9 aggiornate per pianificare la visita perfetta. <\/p>\n\n<p>Raccogliamo diligentemente feedback dai nostri clienti su base continua e vediamo ogni commento come un'opportunit\u00e0 per migliorare. \u2b50 La tua soddisfazione \u00e8 la misura principale del nostro successo, e le tue raccomandazioni sono la nostra pi\u00f9 grande fonte di orgoglio. La fiducia riposta in noi da migliaia di clienti soddisfatti \u00e8 la nostra motivazione per continuare a eccellere in ogni viaggio.  <\/p>\n\n<p>I vantaggi aggiuntivi includono prezzi completamente trasparenti senza commissioni per carte di credito o costi nascosti \ud83d\udcaf, pedaggi inclusi nel prezzo, e prenotazione semplice e flessibile attraverso il sito web che richiede solo circa 5 minuti. Offriamo l'opzione di pagamento online sicuro o in contanti all'arrivo, senza costi aggiuntivi. <\/p>\n\n<p>FastWay si impegna a mantenere la sua leadership nei servizi di trasporto e turismo, rispettando i pi\u00f9 alti standard di professionalit\u00e0, sicurezza e servizio. Ti invitiamo a <a href=\"..\/\">prenotare il tuo trasferimento privato<\/a> e a sperimentare il livello superiore di servizio che \u00e8 diventato sinonimo della nostra reputazione nel settore. \ud83e\udd1d Che tu venga negli Emirati Arabi Uniti per affari, piacere o qualsiasi altro scopo, siamo qui per rendere il tuo viaggio parte integrante di un'esperienza positiva e indimenticabile.  <\/p>\n\n<p><strong><strong>Il tuo viaggio inizia nel momento in cui scegli FastWay \u2013 il tuo nuovo modo di viaggiare<\/strong><\/strong><strong><strong> \ud83d\udee3\ufe0f<\/strong><\/strong><\/p>\n","protected":false},"excerpt":{"rendered":"<p>Scopri un nuovo modo di viaggiare negli Emirati Arabi Uniti \ud83d\ude97 FastWay, gestita da Dream List Tourism LLC, fondata nel 2020, \u00e8 diventata rapidamente un fornitore leader di servizi di trasporto e turismo di alta qualit\u00e0 in tutti gli Emirati Arabi Uniti. La nostra reputazione si basa su un impegno incrollabile per la qualit\u00e0, la [&hellip;]<\/p>\n","protected":false},"author":1,"featured_media":0,"parent":0,"menu_order":0,"comment_status":"closed","ping_status":"closed","template":"templates\/2columns-logo-and-content.php","meta":{"footnotes":""},"class_list":["post-24574","page","type-page","status-publish","hentry"],"yoast_head":"<!-- This site is optimized with the Yoast SEO plugin v27.6 - https:\/\/yoast.com\/product\/yoast-seo-wordpress\/ -->\n<title>Chi siamo - FastWay<\/title>\n<meta name=\"robots\" content=\"index, follow, max-snippet:-1, max-image-preview:large, max-video-preview:-1\" \/>\n<link rel=\"canonical\" href=\"https:\/\/fastway.ae\/it\/chi-siamo\/\" \/>\n<meta property=\"og:locale\" content=\"it_IT\" \/>\n<meta property=\"og:type\" content=\"article\" \/>\n<meta property=\"og:title\" content=\"Chi siamo - FastWay\" \/>\n<meta property=\"og:description\" content=\"Scopri un nuovo modo di viaggiare negli Emirati Arabi Uniti \ud83d\ude97 FastWay, gestita da Dream List Tourism LLC, fondata nel 2020, \u00e8 diventata rapidamente un fornitore leader di servizi di trasporto e turismo di alta qualit\u00e0 in tutti gli Emirati Arabi Uniti. La nostra reputazione si basa su un impegno incrollabile per la qualit\u00e0, la [&hellip;]\" \/>\n<meta property=\"og:url\" content=\"https:\/\/fastway.ae\/it\/chi-siamo\/\" \/>\n<meta property=\"og:site_name\" content=\"FastWay\" \/>\n<meta property=\"article:publisher\" content=\"https:\/\/www.facebook.com\/fastway.ae\" \/>\n<meta property=\"article:modified_time\" content=\"2025-05-30T08:03:18+00:00\" \/>\n<meta property=\"og:image\" content=\"https:\/\/fastway.ae\/wp-content\/uploads\/2025\/04\/fastway_page_cover.png\" \/>\n\t<meta property=\"og:image:width\" content=\"2050\" \/>\n\t<meta property=\"og:image:height\" content=\"780\" \/>\n\t<meta property=\"og:image:type\" content=\"image\/png\" \/>\n<meta name=\"twitter:card\" content=\"summary_large_image\" \/>\n<meta name=\"twitter:label1\" content=\"Tempo di lettura stimato\" \/>\n\t<meta name=\"twitter:data1\" content=\"4 minuto\" \/>\n<script type=\"application\/ld+json\" class=\"yoast-schema-graph\">{\"@context\":\"https:\\\/\\\/schema.org\",\"@graph\":[{\"@type\":\"WebPage\",\"@id\":\"https:\\\/\\\/fastway.ae\\\/it\\\/chi-siamo\\\/\",\"url\":\"https:\\\/\\\/fastway.ae\\\/it\\\/chi-siamo\\\/\",\"name\":\"Chi siamo - FastWay\",\"isPartOf\":{\"@id\":\"https:\\\/\\\/fastway.ae\\\/it\\\/#website\"},\"primaryImageOfPage\":{\"@id\":\"https:\\\/\\\/fastway.ae\\\/it\\\/chi-siamo\\\/#primaryimage\"},\"image\":{\"@id\":\"https:\\\/\\\/fastway.ae\\\/it\\\/chi-siamo\\\/#primaryimage\"},\"thumbnailUrl\":\"https:\\\/\\\/fastway.ae\\\/wp-content\\\/uploads\\\/2025\\\/04\\\/fastway_page_cover.png\",\"datePublished\":\"2025-03-18T07:48:26+00:00\",\"dateModified\":\"2025-05-30T08:03:18+00:00\",\"breadcrumb\":{\"@id\":\"https:\\\/\\\/fastway.ae\\\/it\\\/chi-siamo\\\/#breadcrumb\"},\"inLanguage\":\"it-IT\",\"potentialAction\":[{\"@type\":\"ReadAction\",\"target\":[\"https:\\\/\\\/fastway.ae\\\/it\\\/chi-siamo\\\/\"]}]},{\"@type\":\"ImageObject\",\"inLanguage\":\"it-IT\",\"@id\":\"https:\\\/\\\/fastway.ae\\\/it\\\/chi-siamo\\\/#primaryimage\",\"url\":\"https:\\\/\\\/fastway.ae\\\/wp-content\\\/uploads\\\/2025\\\/04\\\/fastway_page_cover.png\",\"contentUrl\":\"https:\\\/\\\/fastway.ae\\\/wp-content\\\/uploads\\\/2025\\\/04\\\/fastway_page_cover.png\"},{\"@type\":\"BreadcrumbList\",\"@id\":\"https:\\\/\\\/fastway.ae\\\/it\\\/chi-siamo\\\/#breadcrumb\",\"itemListElement\":[{\"@type\":\"ListItem\",\"position\":1,\"name\":\"Casa\",\"item\":\"https:\\\/\\\/fastway.ae\\\/it\\\/\"},{\"@type\":\"ListItem\",\"position\":2,\"name\":\"Chi siamo\"}]},{\"@type\":\"WebSite\",\"@id\":\"https:\\\/\\\/fastway.ae\\\/it\\\/#website\",\"url\":\"https:\\\/\\\/fastway.ae\\\/it\\\/\",\"name\":\"FastWay \u2013 Your new way to travel\",\"description\":\"Il tuo nuovo modo di viaggiare\",\"alternateName\":\"FastWay\",\"potentialAction\":[{\"@type\":\"SearchAction\",\"target\":{\"@type\":\"EntryPoint\",\"urlTemplate\":\"https:\\\/\\\/fastway.ae\\\/it\\\/?s={search_term_string}\"},\"query-input\":{\"@type\":\"PropertyValueSpecification\",\"valueRequired\":true,\"valueName\":\"search_term_string\"}}],\"inLanguage\":\"it-IT\"}]}<\/script>\n<!-- \/ Yoast SEO plugin. -->","yoast_head_json":{"title":"Chi siamo - FastWay","robots":{"index":"index","follow":"follow","max-snippet":"max-snippet:-1","max-image-preview":"max-image-preview:large","max-video-preview":"max-video-preview:-1"},"canonical":"https:\/\/fastway.ae\/it\/chi-siamo\/","og_locale":"it_IT","og_type":"article","og_title":"Chi siamo - FastWay","og_description":"Scopri un nuovo modo di viaggiare negli Emirati Arabi Uniti \ud83d\ude97 FastWay, gestita da Dream List Tourism LLC, fondata nel 2020, \u00e8 diventata rapidamente un fornitore leader di servizi di trasporto e turismo di alta qualit\u00e0 in tutti gli Emirati Arabi Uniti. La nostra reputazione si basa su un impegno incrollabile per la qualit\u00e0, la [&hellip;]","og_url":"https:\/\/fastway.ae\/it\/chi-siamo\/","og_site_name":"FastWay","article_publisher":"https:\/\/www.facebook.com\/fastway.ae","article_modified_time":"2025-05-30T08:03:18+00:00","og_image":[{"width":2050,"height":780,"url":"https:\/\/fastway.ae\/wp-content\/uploads\/2025\/04\/fastway_page_cover.png","type":"image\/png"}],"twitter_card":"summary_large_image","twitter_misc":{"Tempo di lettura stimato":"4 minuto"},"schema":{"@context":"https:\/\/schema.org","@graph":[{"@type":"WebPage","@id":"https:\/\/fastway.ae\/it\/chi-siamo\/","url":"https:\/\/fastway.ae\/it\/chi-siamo\/","name":"Chi siamo - FastWay","isPartOf":{"@id":"https:\/\/fastway.ae\/it\/#website"},"primaryImageOfPage":{"@id":"https:\/\/fastway.ae\/it\/chi-siamo\/#primaryimage"},"image":{"@id":"https:\/\/fastway.ae\/it\/chi-siamo\/#primaryimage"},"thumbnailUrl":"https:\/\/fastway.ae\/wp-content\/uploads\/2025\/04\/fastway_page_cover.png","datePublished":"2025-03-18T07:48:26+00:00","dateModified":"2025-05-30T08:03:18+00:00","breadcrumb":{"@id":"https:\/\/fastway.ae\/it\/chi-siamo\/#breadcrumb"},"inLanguage":"it-IT","potentialAction":[{"@type":"ReadAction","target":["https:\/\/fastway.ae\/it\/chi-siamo\/"]}]},{"@type":"ImageObject","inLanguage":"it-IT","@id":"https:\/\/fastway.ae\/it\/chi-siamo\/#primaryimage","url":"https:\/\/fastway.ae\/wp-content\/uploads\/2025\/04\/fastway_page_cover.png","contentUrl":"https:\/\/fastway.ae\/wp-content\/uploads\/2025\/04\/fastway_page_cover.png"},{"@type":"BreadcrumbList","@id":"https:\/\/fastway.ae\/it\/chi-siamo\/#breadcrumb","itemListElement":[{"@type":"ListItem","position":1,"name":"Casa","item":"https:\/\/fastway.ae\/it\/"},{"@type":"ListItem","position":2,"name":"Chi siamo"}]},{"@type":"WebSite","@id":"https:\/\/fastway.ae\/it\/#website","url":"https:\/\/fastway.ae\/it\/","name":"FastWay \u2013 Your new way to travel","description":"Il tuo nuovo modo di viaggiare","alternateName":"FastWay","potentialAction":[{"@type":"SearchAction","target":{"@type":"EntryPoint","urlTemplate":"https:\/\/fastway.ae\/it\/?s={search_term_string}"},"query-input":{"@type":"PropertyValueSpecification","valueRequired":true,"valueName":"search_term_string"}}],"inLanguage":"it-IT"}]}},"_links":{"self":[{"href":"https:\/\/fastway.ae\/it\/wp-json\/wp\/v2\/pages\/24574","targetHints":{"allow":["GET"]}}],"collection":[{"href":"https:\/\/fastway.ae\/it\/wp-json\/wp\/v2\/pages"}],"about":[{"href":"https:\/\/fastway.ae\/it\/wp-json\/wp\/v2\/types\/page"}],"author":[{"embeddable":true,"href":"https:\/\/fastway.ae\/it\/wp-json\/wp\/v2\/users\/1"}],"replies":[{"embeddable":true,"href":"https:\/\/fastway.ae\/it\/wp-json\/wp\/v2\/comments?post=24574"}],"version-history":[{"count":6,"href":"https:\/\/fastway.ae\/it\/wp-json\/wp\/v2\/pages\/24574\/revisions"}],"predecessor-version":[{"id":25671,"href":"https:\/\/fastway.ae\/it\/wp-json\/wp\/v2\/pages\/24574\/revisions\/25671"}],"wp:attachment":[{"href":"https:\/\/fastway.ae\/it\/wp-json\/wp\/v2\/media?parent=24574"}],"curies":[{"name":"wp","href":"https:\/\/api.w.org\/{rel}","templated":true}]}}