{"id":25473,"date":"2025-05-21T20:15:09","date_gmt":"2025-05-21T16:15:09","guid":{"rendered":"https:\/\/fastway.ae\/nous-vous-remercions-le-paiement-a-ete-recu-avec-succes-%f0%9f%91%8d\/"},"modified":"2025-05-21T20:16:33","modified_gmt":"2025-05-21T16:16:33","slug":"nous-vous-remercions-le-paiement-a-ete-recu-avec-succes-%f0%9f%91%8d","status":"publish","type":"page","link":"https:\/\/fastway.ae\/fr\/nous-vous-remercions-le-paiement-a-ete-recu-avec-succes-%f0%9f%91%8d\/","title":{"rendered":"Nous vous remercions, le paiement a \u00e9t\u00e9 re\u00e7u avec succ\u00e8s ! \ud83d\udc4d"},"content":{"rendered":"\n<p><a href=\"..\/\">Retourner \u00e0 la page d&rsquo;accueil<\/a><\/p>\n\n<p><\/p>\n\n<p><\/p>\n","protected":false},"excerpt":{"rendered":"<p>Retourner \u00e0 la page d&rsquo;accueil<\/p>\n","protected":false},"author":1,"featured_media":0,"parent":0,"menu_order":0,"comment_status":"closed","ping_status":"closed","template":"","meta":{"footnotes":""},"class_list":["post-25473","page","type-page","status-publish","hentry"],"yoast_head":"<!-- This site is optimized with the Yoast SEO plugin v27.5 - https:\/\/yoast.com\/product\/yoast-seo-wordpress\/ -->\n<title>Nous vous remercions, le paiement a \u00e9t\u00e9 re\u00e7u avec succ\u00e8s ! \ud83d\udc4d - FastWay<\/title>\n<meta name=\"robots\" content=\"index, follow, max-snippet:-1, max-image-preview:large, max-video-preview:-1\" \/>\n<link rel=\"canonical\" href=\"https:\/\/fastway.ae\/fr\/nous-vous-remercions-le-paiement-a-ete-recu-avec-succes-%f0%9f%91%8d\/\" \/>\n<meta property=\"og:locale\" content=\"fr_FR\" \/>\n<meta property=\"og:type\" content=\"article\" \/>\n<meta property=\"og:title\" content=\"Nous vous remercions, le paiement a \u00e9t\u00e9 re\u00e7u avec succ\u00e8s ! \ud83d\udc4d - FastWay\" \/>\n<meta property=\"og:description\" content=\"Retourner \u00e0 la page d&rsquo;accueil\" \/>\n<meta property=\"og:url\" content=\"https:\/\/fastway.ae\/fr\/nous-vous-remercions-le-paiement-a-ete-recu-avec-succes-%f0%9f%91%8d\/\" \/>\n<meta property=\"og:site_name\" content=\"FastWay\" \/>\n<meta property=\"article:publisher\" content=\"https:\/\/www.facebook.com\/fastway.ae\" \/>\n<meta property=\"article:modified_time\" content=\"2025-05-21T16:16:33+00:00\" \/>\n<meta property=\"og:image\" content=\"https:\/\/fastway.ae\/wp-content\/uploads\/2025\/04\/fastway_banner-for-site_en.png\" \/>\n\t<meta property=\"og:image:width\" content=\"2050\" \/>\n\t<meta property=\"og:image:height\" content=\"780\" \/>\n\t<meta property=\"og:image:type\" content=\"image\/png\" \/>\n<meta name=\"twitter:card\" content=\"summary_large_image\" \/>\n<script type=\"application\/ld+json\" class=\"yoast-schema-graph\">{\"@context\":\"https:\\\/\\\/schema.org\",\"@graph\":[{\"@type\":\"WebPage\",\"@id\":\"https:\\\/\\\/fastway.ae\\\/fr\\\/nous-vous-remercions-le-paiement-a-ete-recu-avec-succes-%f0%9f%91%8d\\\/\",\"url\":\"https:\\\/\\\/fastway.ae\\\/fr\\\/nous-vous-remercions-le-paiement-a-ete-recu-avec-succes-%f0%9f%91%8d\\\/\",\"name\":\"Nous vous remercions, le paiement a \u00e9t\u00e9 re\u00e7u avec succ\u00e8s ! \ud83d\udc4d - FastWay\",\"isPartOf\":{\"@id\":\"https:\\\/\\\/fastway.ae\\\/fr\\\/#website\"},\"datePublished\":\"2025-05-21T16:15:09+00:00\",\"dateModified\":\"2025-05-21T16:16:33+00:00\",\"breadcrumb\":{\"@id\":\"https:\\\/\\\/fastway.ae\\\/fr\\\/nous-vous-remercions-le-paiement-a-ete-recu-avec-succes-%f0%9f%91%8d\\\/#breadcrumb\"},\"inLanguage\":\"fr-FR\",\"potentialAction\":[{\"@type\":\"ReadAction\",\"target\":[\"https:\\\/\\\/fastway.ae\\\/fr\\\/nous-vous-remercions-le-paiement-a-ete-recu-avec-succes-%f0%9f%91%8d\\\/\"]}]},{\"@type\":\"BreadcrumbList\",\"@id\":\"https:\\\/\\\/fastway.ae\\\/fr\\\/nous-vous-remercions-le-paiement-a-ete-recu-avec-succes-%f0%9f%91%8d\\\/#breadcrumb\",\"itemListElement\":[{\"@type\":\"ListItem\",\"position\":1,\"name\":\"Accueil\",\"item\":\"https:\\\/\\\/fastway.ae\\\/fr\\\/\"},{\"@type\":\"ListItem\",\"position\":2,\"name\":\"Nous vous remercions, le paiement a \u00e9t\u00e9 re\u00e7u avec succ\u00e8s ! \ud83d\udc4d\"}]},{\"@type\":\"WebSite\",\"@id\":\"https:\\\/\\\/fastway.ae\\\/fr\\\/#website\",\"url\":\"https:\\\/\\\/fastway.ae\\\/fr\\\/\",\"name\":\"FastWay \u2013 Your new way to travel\",\"description\":\"Your new way to travel\",\"alternateName\":\"FastWay\",\"potentialAction\":[{\"@type\":\"SearchAction\",\"target\":{\"@type\":\"EntryPoint\",\"urlTemplate\":\"https:\\\/\\\/fastway.ae\\\/fr\\\/?s={search_term_string}\"},\"query-input\":{\"@type\":\"PropertyValueSpecification\",\"valueRequired\":true,\"valueName\":\"search_term_string\"}}],\"inLanguage\":\"fr-FR\"}]}<\/script>\n<!-- \/ Yoast SEO plugin. -->","yoast_head_json":{"title":"Nous vous remercions, le paiement a \u00e9t\u00e9 re\u00e7u avec succ\u00e8s ! \ud83d\udc4d - FastWay","robots":{"index":"index","follow":"follow","max-snippet":"max-snippet:-1","max-image-preview":"max-image-preview:large","max-video-preview":"max-video-preview:-1"},"canonical":"https:\/\/fastway.ae\/fr\/nous-vous-remercions-le-paiement-a-ete-recu-avec-succes-%f0%9f%91%8d\/","og_locale":"fr_FR","og_type":"article","og_title":"Nous vous remercions, le paiement a \u00e9t\u00e9 re\u00e7u avec succ\u00e8s ! \ud83d\udc4d - FastWay","og_description":"Retourner \u00e0 la page d&rsquo;accueil","og_url":"https:\/\/fastway.ae\/fr\/nous-vous-remercions-le-paiement-a-ete-recu-avec-succes-%f0%9f%91%8d\/","og_site_name":"FastWay","article_publisher":"https:\/\/www.facebook.com\/fastway.ae","article_modified_time":"2025-05-21T16:16:33+00:00","og_image":[{"width":2050,"height":780,"url":"https:\/\/fastway.ae\/wp-content\/uploads\/2025\/04\/fastway_banner-for-site_en.png","type":"image\/png"}],"twitter_card":"summary_large_image","schema":{"@context":"https:\/\/schema.org","@graph":[{"@type":"WebPage","@id":"https:\/\/fastway.ae\/fr\/nous-vous-remercions-le-paiement-a-ete-recu-avec-succes-%f0%9f%91%8d\/","url":"https:\/\/fastway.ae\/fr\/nous-vous-remercions-le-paiement-a-ete-recu-avec-succes-%f0%9f%91%8d\/","name":"Nous vous remercions, le paiement a \u00e9t\u00e9 re\u00e7u avec succ\u00e8s ! \ud83d\udc4d - FastWay","isPartOf":{"@id":"https:\/\/fastway.ae\/fr\/#website"},"datePublished":"2025-05-21T16:15:09+00:00","dateModified":"2025-05-21T16:16:33+00:00","breadcrumb":{"@id":"https:\/\/fastway.ae\/fr\/nous-vous-remercions-le-paiement-a-ete-recu-avec-succes-%f0%9f%91%8d\/#breadcrumb"},"inLanguage":"fr-FR","potentialAction":[{"@type":"ReadAction","target":["https:\/\/fastway.ae\/fr\/nous-vous-remercions-le-paiement-a-ete-recu-avec-succes-%f0%9f%91%8d\/"]}]},{"@type":"BreadcrumbList","@id":"https:\/\/fastway.ae\/fr\/nous-vous-remercions-le-paiement-a-ete-recu-avec-succes-%f0%9f%91%8d\/#breadcrumb","itemListElement":[{"@type":"ListItem","position":1,"name":"Accueil","item":"https:\/\/fastway.ae\/fr\/"},{"@type":"ListItem","position":2,"name":"Nous vous remercions, le paiement a \u00e9t\u00e9 re\u00e7u avec succ\u00e8s ! \ud83d\udc4d"}]},{"@type":"WebSite","@id":"https:\/\/fastway.ae\/fr\/#website","url":"https:\/\/fastway.ae\/fr\/","name":"FastWay \u2013 Your new way to travel","description":"Your new way to travel","alternateName":"FastWay","potentialAction":[{"@type":"SearchAction","target":{"@type":"EntryPoint","urlTemplate":"https:\/\/fastway.ae\/fr\/?s={search_term_string}"},"query-input":{"@type":"PropertyValueSpecification","valueRequired":true,"valueName":"search_term_string"}}],"inLanguage":"fr-FR"}]}},"_links":{"self":[{"href":"https:\/\/fastway.ae\/fr\/wp-json\/wp\/v2\/pages\/25473","targetHints":{"allow":["GET"]}}],"collection":[{"href":"https:\/\/fastway.ae\/fr\/wp-json\/wp\/v2\/pages"}],"about":[{"href":"https:\/\/fastway.ae\/fr\/wp-json\/wp\/v2\/types\/page"}],"author":[{"embeddable":true,"href":"https:\/\/fastway.ae\/fr\/wp-json\/wp\/v2\/users\/1"}],"replies":[{"embeddable":true,"href":"https:\/\/fastway.ae\/fr\/wp-json\/wp\/v2\/comments?post=25473"}],"version-history":[{"count":1,"href":"https:\/\/fastway.ae\/fr\/wp-json\/wp\/v2\/pages\/25473\/revisions"}],"predecessor-version":[{"id":25475,"href":"https:\/\/fastway.ae\/fr\/wp-json\/wp\/v2\/pages\/25473\/revisions\/25475"}],"wp:attachment":[{"href":"https:\/\/fastway.ae\/fr\/wp-json\/wp\/v2\/media?parent=25473"}],"curies":[{"name":"wp","href":"https:\/\/api.w.org\/{rel}","templated":true}]}}