{"id":24773,"date":"2025-03-18T11:48:26","date_gmt":"2025-03-18T07:48:26","guid":{"rendered":"https:\/\/fastway.ae\/a-propos-de-nous\/"},"modified":"2025-05-30T12:03:18","modified_gmt":"2025-05-30T08:03:18","slug":"a-propos-de-nous","status":"publish","type":"page","link":"https:\/\/fastway.ae\/fr\/a-propos-de-nous\/","title":{"rendered":"\u00c0 propos de nous"},"content":{"rendered":"\n<h2 class=\"wp-block-heading\">D\u00e9couvrez une nouvelle fa\u00e7on de voyager aux \u00c9mirats arabes unis \ud83d\ude97<\/h2>\n\n<p><strong><strong>FastWay, propuls\u00e9 par Dream List Tourism LLC, \u00e9tabli en 2020, est rapidement devenu un fournisseur de premier plan de services de transport et de tourisme haut de gamme \u00e0 travers les \u00c9mirats arabes unis. Notre r\u00e9putation est fond\u00e9e sur un engagement in\u00e9branlable envers la qualit\u00e9, le professionnalisme et un service personnalis\u00e9. <\/strong><\/strong><\/p>\n\n<p>La vision de FastWay est n\u00e9e d&rsquo;une compr\u00e9hension approfondie des besoins en mati\u00e8re de tourisme et de mobilit\u00e9 aux \u00c9mirats arabes unis. Nous avons identifi\u00e9 le besoin d&rsquo;un service de transport fiable, flexible et confortable qui allie les normes les plus \u00e9lev\u00e9es \u00e0 une approche personnalis\u00e9e et attentive. Depuis notre \u00e9tablissement, nous avons continuellement \u0153uvr\u00e9 \u00e0 am\u00e9liorer et rationaliser nos services. La demande croissante pour nos services d\u00e9montre notre succ\u00e8s dans l&rsquo;identification et la fourniture de solutions de transport pr\u00e9cis\u00e9ment adapt\u00e9es aux besoins des visiteurs aux \u00c9mirats arabes unis \ud83c\udf1f   <\/p>\n\n<p>Notre flotte avanc\u00e9e comprend une large gamme de solutions de transport adapt\u00e9es \u00e0 chaque besoin &#8211; des berlines de luxe pour les d\u00e9placements personnels, des SUV spacieux pour les familles, des minivans pour les petits groupes, jusqu&rsquo;aux autocars de luxe pour les grands groupes allant jusqu&rsquo;\u00e0 49 passagers. \ud83d\ude98 Tous nos v\u00e9hicules sont entretenus selon les normes les plus \u00e9lev\u00e9es et \u00e9quip\u00e9s de commodit\u00e9s de confort, incluant des bouteilles d&rsquo;eau froide gratuites \u00e0 chaque voyage et des si\u00e8ges de s\u00e9curit\u00e9 pour enfants sur demande sans frais suppl\u00e9mentaires. Notre flotte est r\u00e9guli\u00e8rement renouvel\u00e9e pour garantir que nos clients b\u00e9n\u00e9ficient de v\u00e9hicules modernes, confortables et fiables \u00e0 chaque d\u00e9placement.  <\/p>\n\n<p>Notre \u00e9quipe est compos\u00e9e de chauffeurs professionnels ayant une vaste exp\u00e9rience dans le tourisme et le transport de passagers. \ud83d\udc68\u200d\u2708\ufe0f Chaque chauffeur suit une formation compl\u00e8te et s&rsquo;engage \u00e0 respecter les normes les plus \u00e9lev\u00e9es en mati\u00e8re de service, de ponctualit\u00e9 et de s\u00e9curit\u00e9. Tous nos chauffeurs sont titulaires d&rsquo;un permis, enti\u00e8rement assur\u00e9s et font l&rsquo;objet de v\u00e9rifications approfondies des ant\u00e9c\u00e9dents, vous pouvez donc \u00eatre assur\u00e9 d&rsquo;\u00eatre entre de bonnes mains. Leur familiarit\u00e9 avec les routes, les sites touristiques et la culture locale ajoute une valeur significative \u00e0 l&rsquo;exp\u00e9rience de voyage. Combin\u00e9es \u00e0 d&rsquo;excellentes comp\u00e9tences en service \u00e0 la client\u00e8le, ils font de chaque voyage une partie int\u00e9grante d&rsquo;une exp\u00e9rience positive pour les visiteurs aux \u00c9mirats arabes unis.    <\/p>\n\n<figure class=\"wp-block-image size-full\"><img loading=\"lazy\" decoding=\"async\" width=\"2050\" height=\"780\" src=\"https:\/\/fastway.ae\/wp-content\/uploads\/2025\/04\/fastway_page_cover.png\" alt=\"\" class=\"wp-image-24968\" srcset=\"https:\/\/fastway.ae\/wp-content\/uploads\/2025\/04\/fastway_page_cover.png 2050w, https:\/\/fastway.ae\/wp-content\/uploads\/2025\/04\/fastway_page_cover-300x114.png 300w, https:\/\/fastway.ae\/wp-content\/uploads\/2025\/04\/fastway_page_cover-1024x390.png 1024w, https:\/\/fastway.ae\/wp-content\/uploads\/2025\/04\/fastway_page_cover-768x292.png 768w, https:\/\/fastway.ae\/wp-content\/uploads\/2025\/04\/fastway_page_cover-1536x584.png 1536w, https:\/\/fastway.ae\/wp-content\/uploads\/2025\/04\/fastway_page_cover-2048x779.png 2048w, https:\/\/fastway.ae\/wp-content\/uploads\/2025\/04\/fastway_page_cover-460x175.png 460w, https:\/\/fastway.ae\/wp-content\/uploads\/2025\/04\/fastway_page_cover-800x304.png 800w\" sizes=\"auto, (max-width: 2050px) 100vw, 2050px\" \/><\/figure>\n\n<p>Nous nous sp\u00e9cialisons dans divers services de transport, incluant les transferts depuis tous les a\u00e9roports des \u00c9mirats arabes unis \u2708\ufe0f, le transport intercit\u00e9s (comme de Duba\u00ef \u00e0 Abu Dhabi), les services de chauffeur priv\u00e9 \u00e0 l&rsquo;heure \u23f1\ufe0f, les navettes pour \u00e9v\u00e9nements d&rsquo;affaires, les excursions touristiques priv\u00e9es et les forfaits touristiques complets. Notre service d&rsquo;accueil garantit que votre chauffeur vous attendra quelles que soient les circonstances, m\u00eame en cas de retard de vol. De plus, notre service porte-\u00e0-porte vous assurera d&rsquo;arriver directement \u00e0 votre destination sans tracas suppl\u00e9mentaire.  <\/p>\n\n<p>Chaque client re\u00e7oit un plan de service pr\u00e9cis\u00e9ment adapt\u00e9 \u00e0 ses besoins, avec une flexibilit\u00e9 totale pour les changements et un support disponible 24 heures sur 24. \ud83d\udcf1 Nous comprenons que les plans de voyage peuvent changer, c&rsquo;est pourquoi nous offrons une annulation gratuite jusqu&rsquo;\u00e0 48 heures avant le voyage et sommes toujours heureux d&rsquo;adapter notre service \u00e0 ces changements de mani\u00e8re efficace et rapide. <\/p>\n\n<p>FastWay n&rsquo;est pas simplement une soci\u00e9t\u00e9 de transport ; nous nous consid\u00e9rons comme des partenaires \u00e0 part enti\u00e8re de votre exp\u00e9rience aux \u00c9mirats arabes unis. Notre cadre de service comprend \u00e9galement des solutions compl\u00e9mentaires telles que la planification de visites, des recommandations pour des restaurants de qualit\u00e9, des r\u00e9servations d&rsquo;h\u00f4tels et d&rsquo;attractions, et l&rsquo;accompagnement de guides touristiques certifi\u00e9s. Notre \u00e9quipe de service client parle plusieurs langues (anglais, arabe, russe et h\u00e9breu) et conna\u00eet les sites principaux tels que Burj Khalifa, Dubai Marina, la zone de Palm Jumeirah \ud83c\udf34, et plus encore, aux c\u00f4t\u00e9s de joyaux cach\u00e9s que seuls les locaux connaissent. Nous sommes heureux de partager ces connaissances avec vous et de vous aider \u00e0 cr\u00e9er les vacances parfaites. Tout cela vous permet de vous concentrer sur l&rsquo;appr\u00e9ciation de votre visite tandis que nous nous occupons de tous les d\u00e9tails logistiques.    <\/p>\n\n<p>De plus, notre \u00e9quipe se tient r\u00e9guli\u00e8rement inform\u00e9e de tous les nouveaux \u00e9v\u00e9nements, attractions et d\u00e9veloppements aux \u00c9mirats arabes unis &#8211; des spectacles et \u00e9v\u00e9nements sportifs aux festivals et expositions. \ud83c\udfad De cette fa\u00e7on, nous pouvons vous offrir les informations les plus \u00e0 jour pour planifier la visite parfaite. <\/p>\n\n<p>Nous recueillons assid\u00fbment les retours de nos clients de mani\u00e8re continue et consid\u00e9rons chaque commentaire comme une opportunit\u00e9 d&rsquo;am\u00e9lioration. \u2b50 Votre satisfaction est la principale mesure de notre succ\u00e8s, et vos recommandations sont notre plus grande source de fiert\u00e9. La confiance plac\u00e9e en nous par des milliers de clients satisfaits est notre motivation pour continuer \u00e0 exceller \u00e0 chaque voyage.  <\/p>\n\n<p>Les avantages suppl\u00e9mentaires incluent une tarification enti\u00e8rement transparente sans frais de carte de cr\u00e9dit ni frais cach\u00e9s \ud83d\udcaf, les p\u00e9ages inclus dans le prix, et une r\u00e9servation simple et flexible via le site web qui ne prend qu&rsquo;environ 5 minutes. Nous offrons la possibilit\u00e9 d&rsquo;un paiement en ligne s\u00e9curis\u00e9 ou en esp\u00e8ces \u00e0 l&rsquo;arriv\u00e9e, sans frais suppl\u00e9mentaires. <\/p>\n\n<p>FastWay s&rsquo;engage \u00e0 maintenir son leadership dans les services de transport et de tourisme tout en respectant les plus hauts standards de professionnalisme, de s\u00e9curit\u00e9 et de service. Nous vous invitons \u00e0 <a href=\"..\/\">r\u00e9server votre transfert priv\u00e9<\/a> et \u00e0 exp\u00e9rimenter le niveau sup\u00e9rieur de service qui est devenu synonyme de notre r\u00e9putation dans l&rsquo;industrie. \ud83e\udd1d Que vous veniez aux \u00c9mirats arabes unis pour affaires, loisirs ou tout autre motif, nous sommes l\u00e0 pour faire de votre voyage une partie int\u00e9grante d&rsquo;une exp\u00e9rience positive et inoubliable.  <\/p>\n\n<p><strong><strong>Votre voyage commence d\u00e8s l&rsquo;instant o\u00f9 vous choisissez FastWay &#8211; votre nouvelle fa\u00e7on de voyager<\/strong><\/strong><strong><strong> \ud83d\udee3\ufe0f<\/strong><\/strong><\/p>\n","protected":false},"excerpt":{"rendered":"<p>D\u00e9couvrez une nouvelle fa\u00e7on de voyager aux \u00c9mirats arabes unis \ud83d\ude97 FastWay, propuls\u00e9 par Dream List Tourism LLC, \u00e9tabli en 2020, est rapidement devenu un fournisseur de premier plan de services de transport et de tourisme haut de gamme \u00e0 travers les \u00c9mirats arabes unis. Notre r\u00e9putation est fond\u00e9e sur un engagement in\u00e9branlable envers la [&hellip;]<\/p>\n","protected":false},"author":1,"featured_media":0,"parent":0,"menu_order":0,"comment_status":"closed","ping_status":"closed","template":"templates\/2columns-logo-and-content.php","meta":{"footnotes":""},"class_list":["post-24773","page","type-page","status-publish","hentry"],"yoast_head":"<!-- This site is optimized with the Yoast SEO plugin v27.6 - https:\/\/yoast.com\/product\/yoast-seo-wordpress\/ -->\n<title>\u00c0 propos de nous - FastWay<\/title>\n<meta name=\"robots\" content=\"index, follow, max-snippet:-1, max-image-preview:large, max-video-preview:-1\" \/>\n<link rel=\"canonical\" href=\"https:\/\/fastway.ae\/fr\/a-propos-de-nous\/\" \/>\n<meta property=\"og:locale\" content=\"fr_FR\" \/>\n<meta property=\"og:type\" content=\"article\" \/>\n<meta property=\"og:title\" content=\"\u00c0 propos de nous - FastWay\" \/>\n<meta property=\"og:description\" content=\"D\u00e9couvrez une nouvelle fa\u00e7on de voyager aux \u00c9mirats arabes unis \ud83d\ude97 FastWay, propuls\u00e9 par Dream List Tourism LLC, \u00e9tabli en 2020, est rapidement devenu un fournisseur de premier plan de services de transport et de tourisme haut de gamme \u00e0 travers les \u00c9mirats arabes unis. Notre r\u00e9putation est fond\u00e9e sur un engagement in\u00e9branlable envers la [&hellip;]\" \/>\n<meta property=\"og:url\" content=\"https:\/\/fastway.ae\/fr\/a-propos-de-nous\/\" \/>\n<meta property=\"og:site_name\" content=\"FastWay\" \/>\n<meta property=\"article:publisher\" content=\"https:\/\/www.facebook.com\/fastway.ae\" \/>\n<meta property=\"article:modified_time\" content=\"2025-05-30T08:03:18+00:00\" \/>\n<meta property=\"og:image\" content=\"https:\/\/fastway.ae\/wp-content\/uploads\/2025\/04\/fastway_page_cover.png\" \/>\n\t<meta property=\"og:image:width\" content=\"2050\" \/>\n\t<meta property=\"og:image:height\" content=\"780\" \/>\n\t<meta property=\"og:image:type\" content=\"image\/png\" \/>\n<meta name=\"twitter:card\" content=\"summary_large_image\" \/>\n<meta name=\"twitter:label1\" content=\"Dur\u00e9e de lecture estim\u00e9e\" \/>\n\t<meta name=\"twitter:data1\" content=\"5 minutes\" \/>\n<script type=\"application\/ld+json\" class=\"yoast-schema-graph\">{\"@context\":\"https:\\\/\\\/schema.org\",\"@graph\":[{\"@type\":\"WebPage\",\"@id\":\"https:\\\/\\\/fastway.ae\\\/fr\\\/a-propos-de-nous\\\/\",\"url\":\"https:\\\/\\\/fastway.ae\\\/fr\\\/a-propos-de-nous\\\/\",\"name\":\"\u00c0 propos de nous - FastWay\",\"isPartOf\":{\"@id\":\"https:\\\/\\\/fastway.ae\\\/fr\\\/#website\"},\"primaryImageOfPage\":{\"@id\":\"https:\\\/\\\/fastway.ae\\\/fr\\\/a-propos-de-nous\\\/#primaryimage\"},\"image\":{\"@id\":\"https:\\\/\\\/fastway.ae\\\/fr\\\/a-propos-de-nous\\\/#primaryimage\"},\"thumbnailUrl\":\"https:\\\/\\\/fastway.ae\\\/wp-content\\\/uploads\\\/2025\\\/04\\\/fastway_page_cover.png\",\"datePublished\":\"2025-03-18T07:48:26+00:00\",\"dateModified\":\"2025-05-30T08:03:18+00:00\",\"breadcrumb\":{\"@id\":\"https:\\\/\\\/fastway.ae\\\/fr\\\/a-propos-de-nous\\\/#breadcrumb\"},\"inLanguage\":\"fr-FR\",\"potentialAction\":[{\"@type\":\"ReadAction\",\"target\":[\"https:\\\/\\\/fastway.ae\\\/fr\\\/a-propos-de-nous\\\/\"]}]},{\"@type\":\"ImageObject\",\"inLanguage\":\"fr-FR\",\"@id\":\"https:\\\/\\\/fastway.ae\\\/fr\\\/a-propos-de-nous\\\/#primaryimage\",\"url\":\"https:\\\/\\\/fastway.ae\\\/wp-content\\\/uploads\\\/2025\\\/04\\\/fastway_page_cover.png\",\"contentUrl\":\"https:\\\/\\\/fastway.ae\\\/wp-content\\\/uploads\\\/2025\\\/04\\\/fastway_page_cover.png\"},{\"@type\":\"BreadcrumbList\",\"@id\":\"https:\\\/\\\/fastway.ae\\\/fr\\\/a-propos-de-nous\\\/#breadcrumb\",\"itemListElement\":[{\"@type\":\"ListItem\",\"position\":1,\"name\":\"Accueil\",\"item\":\"https:\\\/\\\/fastway.ae\\\/fr\\\/\"},{\"@type\":\"ListItem\",\"position\":2,\"name\":\"\u00c0 propos de nous\"}]},{\"@type\":\"WebSite\",\"@id\":\"https:\\\/\\\/fastway.ae\\\/fr\\\/#website\",\"url\":\"https:\\\/\\\/fastway.ae\\\/fr\\\/\",\"name\":\"FastWay \u2013 Your new way to travel\",\"description\":\"Your new way to travel\",\"alternateName\":\"FastWay\",\"potentialAction\":[{\"@type\":\"SearchAction\",\"target\":{\"@type\":\"EntryPoint\",\"urlTemplate\":\"https:\\\/\\\/fastway.ae\\\/fr\\\/?s={search_term_string}\"},\"query-input\":{\"@type\":\"PropertyValueSpecification\",\"valueRequired\":true,\"valueName\":\"search_term_string\"}}],\"inLanguage\":\"fr-FR\"}]}<\/script>\n<!-- \/ Yoast SEO plugin. -->","yoast_head_json":{"title":"\u00c0 propos de nous - FastWay","robots":{"index":"index","follow":"follow","max-snippet":"max-snippet:-1","max-image-preview":"max-image-preview:large","max-video-preview":"max-video-preview:-1"},"canonical":"https:\/\/fastway.ae\/fr\/a-propos-de-nous\/","og_locale":"fr_FR","og_type":"article","og_title":"\u00c0 propos de nous - FastWay","og_description":"D\u00e9couvrez une nouvelle fa\u00e7on de voyager aux \u00c9mirats arabes unis \ud83d\ude97 FastWay, propuls\u00e9 par Dream List Tourism LLC, \u00e9tabli en 2020, est rapidement devenu un fournisseur de premier plan de services de transport et de tourisme haut de gamme \u00e0 travers les \u00c9mirats arabes unis. Notre r\u00e9putation est fond\u00e9e sur un engagement in\u00e9branlable envers la [&hellip;]","og_url":"https:\/\/fastway.ae\/fr\/a-propos-de-nous\/","og_site_name":"FastWay","article_publisher":"https:\/\/www.facebook.com\/fastway.ae","article_modified_time":"2025-05-30T08:03:18+00:00","og_image":[{"width":2050,"height":780,"url":"https:\/\/fastway.ae\/wp-content\/uploads\/2025\/04\/fastway_page_cover.png","type":"image\/png"}],"twitter_card":"summary_large_image","twitter_misc":{"Dur\u00e9e de lecture estim\u00e9e":"5 minutes"},"schema":{"@context":"https:\/\/schema.org","@graph":[{"@type":"WebPage","@id":"https:\/\/fastway.ae\/fr\/a-propos-de-nous\/","url":"https:\/\/fastway.ae\/fr\/a-propos-de-nous\/","name":"\u00c0 propos de nous - FastWay","isPartOf":{"@id":"https:\/\/fastway.ae\/fr\/#website"},"primaryImageOfPage":{"@id":"https:\/\/fastway.ae\/fr\/a-propos-de-nous\/#primaryimage"},"image":{"@id":"https:\/\/fastway.ae\/fr\/a-propos-de-nous\/#primaryimage"},"thumbnailUrl":"https:\/\/fastway.ae\/wp-content\/uploads\/2025\/04\/fastway_page_cover.png","datePublished":"2025-03-18T07:48:26+00:00","dateModified":"2025-05-30T08:03:18+00:00","breadcrumb":{"@id":"https:\/\/fastway.ae\/fr\/a-propos-de-nous\/#breadcrumb"},"inLanguage":"fr-FR","potentialAction":[{"@type":"ReadAction","target":["https:\/\/fastway.ae\/fr\/a-propos-de-nous\/"]}]},{"@type":"ImageObject","inLanguage":"fr-FR","@id":"https:\/\/fastway.ae\/fr\/a-propos-de-nous\/#primaryimage","url":"https:\/\/fastway.ae\/wp-content\/uploads\/2025\/04\/fastway_page_cover.png","contentUrl":"https:\/\/fastway.ae\/wp-content\/uploads\/2025\/04\/fastway_page_cover.png"},{"@type":"BreadcrumbList","@id":"https:\/\/fastway.ae\/fr\/a-propos-de-nous\/#breadcrumb","itemListElement":[{"@type":"ListItem","position":1,"name":"Accueil","item":"https:\/\/fastway.ae\/fr\/"},{"@type":"ListItem","position":2,"name":"\u00c0 propos de nous"}]},{"@type":"WebSite","@id":"https:\/\/fastway.ae\/fr\/#website","url":"https:\/\/fastway.ae\/fr\/","name":"FastWay \u2013 Your new way to travel","description":"Your new way to travel","alternateName":"FastWay","potentialAction":[{"@type":"SearchAction","target":{"@type":"EntryPoint","urlTemplate":"https:\/\/fastway.ae\/fr\/?s={search_term_string}"},"query-input":{"@type":"PropertyValueSpecification","valueRequired":true,"valueName":"search_term_string"}}],"inLanguage":"fr-FR"}]}},"_links":{"self":[{"href":"https:\/\/fastway.ae\/fr\/wp-json\/wp\/v2\/pages\/24773","targetHints":{"allow":["GET"]}}],"collection":[{"href":"https:\/\/fastway.ae\/fr\/wp-json\/wp\/v2\/pages"}],"about":[{"href":"https:\/\/fastway.ae\/fr\/wp-json\/wp\/v2\/types\/page"}],"author":[{"embeddable":true,"href":"https:\/\/fastway.ae\/fr\/wp-json\/wp\/v2\/users\/1"}],"replies":[{"embeddable":true,"href":"https:\/\/fastway.ae\/fr\/wp-json\/wp\/v2\/comments?post=24773"}],"version-history":[{"count":5,"href":"https:\/\/fastway.ae\/fr\/wp-json\/wp\/v2\/pages\/24773\/revisions"}],"predecessor-version":[{"id":25674,"href":"https:\/\/fastway.ae\/fr\/wp-json\/wp\/v2\/pages\/24773\/revisions\/25674"}],"wp:attachment":[{"href":"https:\/\/fastway.ae\/fr\/wp-json\/wp\/v2\/media?parent=24773"}],"curies":[{"name":"wp","href":"https:\/\/api.w.org\/{rel}","templated":true}]}}