{"id":24755,"date":"2025-03-18T11:48:39","date_gmt":"2025-03-18T07:48:39","guid":{"rendered":"https:\/\/fastway.ae\/contactez-nous\/"},"modified":"2026-02-01T15:24:01","modified_gmt":"2026-02-01T11:24:01","slug":"contactez-nous","status":"publish","type":"page","link":"https:\/\/fastway.ae\/fr\/contactez-nous\/","title":{"rendered":"Contactez-nous"},"content":{"rendered":"\n<p class=\"font-semibold\"><strong>Notre \u00e9quipe de service client\u00e8le professionnelle et d\u00e9vou\u00e9e est disponible 24 heures sur 24, 7 jours sur 7 \ud83d\udcde pour vous assister dans toutes vos requ\u00eates &#8211; que ce soit pour choisir le v\u00e9hicule le plus adapt\u00e9 \u00e0 vos besoins, vous recommander des itin\u00e9raires et des attractions aux \u00c9mirats arabes unis, vous aider \u00e0 modifier ou \u00e0 mettre \u00e0 jour vos r\u00e9servations existantes, ou r\u00e9pondre \u00e0 toute question que vous pourriez avoir.<\/strong><\/p>\n\n\n\n<p>Nous offrons un service personnalis\u00e9 adapt\u00e9 \u00e0 chaque client, et nous nous engageons \u00e0 vous fournir la meilleure exp\u00e9rience tout au long de votre voyage &#8211; du moment de la r\u00e9servation jusqu&rsquo;\u00e0 ce que vous atteigniez votre destination. \ud83d\udee3\ufe0f <\/p>\n\n\n\n<p>Veuillez remplir le formulaire et nous vous recontacterons dans les plus brefs d\u00e9lais, ou cliquez sur le bouton WhatsApp ci-dessous pour un contact rapide et personnel. Notre \u00e9quipe d&rsquo;experts se fera un plaisir de vous fournir les informations les plus pr\u00e9cises et actualis\u00e9es. <\/p>\n\n\n\n<p>Notre \u00e9quipe multilingue parle anglais, arabe, russe et h\u00e9breu pour votre commodit\u00e9, assurant une communication fluide et efficace. \ud83c\udf0d<\/p>\n\n\n\n<p>Nous sommes l\u00e0 pour rendre votre exp\u00e9rience de voyage aux \u00c9mirats arabes unis agr\u00e9able, s\u00fbre et sans souci ! \ud83d\ude97<\/p>\n\n\n\n<div class=\"wpcf7 no-js\" id=\"wpcf7-f24819-o1\" lang=\"fr-FR\" dir=\"ltr\" data-wpcf7-id=\"24819\">\n<div class=\"screen-reader-response\"><p role=\"status\" aria-live=\"polite\" aria-atomic=\"true\"><\/p> <ul><\/ul><\/div>\n<form action=\"\/fr\/wp-json\/wp\/v2\/pages\/24755#wpcf7-f24819-o1\" method=\"post\" class=\"wpcf7-form init\" aria-label=\"Formulaire de contact\" novalidate=\"novalidate\" data-status=\"init\">\n<fieldset class=\"hidden-fields-container\"><input type=\"hidden\" name=\"_wpcf7\" value=\"24819\" \/><input type=\"hidden\" name=\"_wpcf7_version\" value=\"6.1.5\" \/><input type=\"hidden\" name=\"_wpcf7_locale\" value=\"fr_FR\" \/><input type=\"hidden\" name=\"_wpcf7_unit_tag\" value=\"wpcf7-f24819-o1\" \/><input type=\"hidden\" name=\"_wpcf7_container_post\" value=\"0\" \/><input type=\"hidden\" name=\"_wpcf7_posted_data_hash\" value=\"\" \/>\n<\/fieldset>\n<div class=\"form-group\">\n\t<p><label for=\"your-subject\" class=\"sr-only\">Sujet<\/label><br \/>\n<span class=\"wpcf7-form-control-wrap\" data-name=\"your-subject\"><select class=\"wpcf7-form-control wpcf7-select form-control\" id=\"your-subject\" aria-invalid=\"false\" name=\"your-subject\"><option value=\"R\u00e9servation existante - modifications et mises \u00e0 jour\">R\u00e9servation existante - modifications et mises \u00e0 jour<\/option><option value=\"Nouvelles r\u00e9servations et informations sur les services\">Nouvelles r\u00e9servations et informations sur les services<\/option><option value=\"Planification d&#039;itin\u00e9raire et conseil personnalis\u00e9\">Planification d&#039;itin\u00e9raire et conseil personnalis\u00e9<\/option><\/select><\/span>\n\t<\/p>\n<\/div>\n<div class=\"form-group relative\">\n\t<p><label for=\"your-name\" class=\"sr-only\">Nom<\/label><span class=\"form-control-icon\"><i class=\"fa-kit fa-user\"><\/i><\/span><span class=\"wpcf7-form-control-wrap\" data-name=\"your-name\"><input size=\"40\" maxlength=\"400\" class=\"wpcf7-form-control wpcf7-text wpcf7-validates-as-required form-control with-icon\" id=\"your-name\" autocomplete=\"name\" aria-required=\"true\" aria-invalid=\"false\" placeholder=\"VOTRE NOM *\" value=\"\" type=\"text\" name=\"your-name\" \/><\/span>\n\t<\/p>\n<\/div>\n<div class=\"form-group relative\">\n\t<p><label for=\"your-email\" class=\"sr-only\">Courriel<\/label><span class=\"form-control-icon\"><i class=\"fa-kit fa-envelope\"><\/i><\/span><span class=\"wpcf7-form-control-wrap\" data-name=\"your-email\"><input size=\"40\" maxlength=\"400\" class=\"wpcf7-form-control wpcf7-email wpcf7-validates-as-required wpcf7-text wpcf7-validates-as-email form-control with-icon with-icon-envelope\" id=\"your-email\" autocomplete=\"email\" aria-required=\"true\" aria-invalid=\"false\" placeholder=\"COURRIEL *\" value=\"\" type=\"email\" name=\"your-email\" \/><\/span>\n\t<\/p>\n<\/div>\n<div class=\"form-group\">\n\t<p><label for=\"your-phone\" class=\"sr-only\">T\u00e9l\u00e9phone<\/label><span class=\"wpcf7-form-control-wrap\" data-name=\"your-phone\"><input size=\"40\" class=\"wpcf7-form-control wpcf7-phonetext wpcf7-validates-as-required wpcf7-text wpcf7-validates-as-phonetext form-control\" id=\"your-phone\" aria-required=\"true\" aria-invalid=\"false\" placeholder=\"123-456-7890\" value=\"\" type=\"text\" name=\"your-phone\" \/><input type=\"hidden\" name=\"your-phone-country-code\" class=\"wpcf7-phonetext-country-code\" \/><\/span>\n\t<\/p>\n<\/div>\n<div class=\"form-group\">\n\t<p><label for=\"your-message\" class=\"sr-only\">Message<\/label><span class=\"wpcf7-form-control-wrap\" data-name=\"your-message\"><textarea cols=\"40\" rows=\"10\" maxlength=\"2000\" class=\"wpcf7-form-control wpcf7-textarea form-control\" id=\"your-message\" aria-invalid=\"false\" placeholder=\"VOTRE MESSAGE ...\" name=\"your-message\"><\/textarea><\/span>\n\t<\/p>\n<\/div>\n<p><button type=\"submit\" class=\"button button-primary hover-spread-button\">Soumettre<\/button>\n<\/p><p style=\"display: none !important;\" class=\"akismet-fields-container\" data-prefix=\"_wpcf7_ak_\"><label>&#916;<textarea name=\"_wpcf7_ak_hp_textarea\" cols=\"45\" rows=\"8\" maxlength=\"100\"><\/textarea><\/label><input type=\"hidden\" id=\"ak_js_1\" name=\"_wpcf7_ak_js\" value=\"112\"\/><script>\ndocument.getElementById( \"ak_js_1\" ).setAttribute( \"value\", ( new Date() ).getTime() );\n<\/script>\n<\/p><div class=\"wpcf7-response-output\" aria-hidden=\"true\"><\/div>\n<\/form>\n<\/div>\n\n\n\n\n<p class=\"has-text-align-center\">ou<\/p>\n\n\n\n<a href=\"https:\/\/api.whatsapp.com\/send?phone=971502547205&#038;text=Hi%20FastWay.ae%20team\" class=\"button button-success hover-spread-button\" target=\"_blank\"><i class=\"fa-brands fa-whatsapp\"><\/i> Envoyez-nous un message WhatsApp<\/a>\n\n\n\n<p><\/p>\n","protected":false},"excerpt":{"rendered":"<p>Notre \u00e9quipe de service client\u00e8le professionnelle et d\u00e9vou\u00e9e est disponible 24 heures sur 24, 7 jours sur 7 \ud83d\udcde pour vous assister dans toutes vos requ\u00eates &#8211; que ce soit pour choisir le v\u00e9hicule le plus adapt\u00e9 \u00e0 vos besoins, vous recommander des itin\u00e9raires et des attractions aux \u00c9mirats arabes unis, vous aider \u00e0 modifier [&hellip;]<\/p>\n","protected":false},"author":1,"featured_media":0,"parent":0,"menu_order":0,"comment_status":"closed","ping_status":"closed","template":"templates\/2columns-logo-and-content.php","meta":{"footnotes":""},"class_list":["post-24755","page","type-page","status-publish","hentry"],"yoast_head":"<!-- This site is optimized with the Yoast SEO plugin v27.6 - https:\/\/yoast.com\/product\/yoast-seo-wordpress\/ -->\n<title>Contactez-nous - FastWay<\/title>\n<meta name=\"robots\" content=\"index, follow, max-snippet:-1, max-image-preview:large, max-video-preview:-1\" \/>\n<link rel=\"canonical\" href=\"https:\/\/fastway.ae\/fr\/contactez-nous\/\" \/>\n<meta property=\"og:locale\" content=\"fr_FR\" \/>\n<meta property=\"og:type\" content=\"article\" \/>\n<meta property=\"og:title\" content=\"Contactez-nous - FastWay\" \/>\n<meta property=\"og:description\" content=\"Notre \u00e9quipe de service client\u00e8le professionnelle et d\u00e9vou\u00e9e est disponible 24 heures sur 24, 7 jours sur 7 \ud83d\udcde pour vous assister dans toutes vos requ\u00eates &#8211; que ce soit pour choisir le v\u00e9hicule le plus adapt\u00e9 \u00e0 vos besoins, vous recommander des itin\u00e9raires et des attractions aux \u00c9mirats arabes unis, vous aider \u00e0 modifier [&hellip;]\" \/>\n<meta property=\"og:url\" content=\"https:\/\/fastway.ae\/fr\/contactez-nous\/\" \/>\n<meta property=\"og:site_name\" content=\"FastWay\" \/>\n<meta property=\"article:publisher\" content=\"https:\/\/www.facebook.com\/fastway.ae\" \/>\n<meta property=\"article:modified_time\" content=\"2026-02-01T11:24:01+00:00\" \/>\n<meta property=\"og:image\" content=\"https:\/\/fastway.ae\/wp-content\/uploads\/2025\/04\/fastway_banner-for-site_en.png\" \/>\n\t<meta property=\"og:image:width\" content=\"2050\" \/>\n\t<meta property=\"og:image:height\" content=\"780\" \/>\n\t<meta property=\"og:image:type\" content=\"image\/png\" \/>\n<meta name=\"twitter:card\" content=\"summary_large_image\" \/>\n<meta name=\"twitter:label1\" content=\"Dur\u00e9e de lecture estim\u00e9e\" \/>\n\t<meta name=\"twitter:data1\" content=\"1 minute\" \/>\n<script type=\"application\/ld+json\" class=\"yoast-schema-graph\">{\"@context\":\"https:\\\/\\\/schema.org\",\"@graph\":[{\"@type\":\"WebPage\",\"@id\":\"https:\\\/\\\/fastway.ae\\\/fr\\\/contactez-nous\\\/\",\"url\":\"https:\\\/\\\/fastway.ae\\\/fr\\\/contactez-nous\\\/\",\"name\":\"Contactez-nous - FastWay\",\"isPartOf\":{\"@id\":\"https:\\\/\\\/fastway.ae\\\/fr\\\/#website\"},\"datePublished\":\"2025-03-18T07:48:39+00:00\",\"dateModified\":\"2026-02-01T11:24:01+00:00\",\"breadcrumb\":{\"@id\":\"https:\\\/\\\/fastway.ae\\\/fr\\\/contactez-nous\\\/#breadcrumb\"},\"inLanguage\":\"fr-FR\",\"potentialAction\":[{\"@type\":\"ReadAction\",\"target\":[\"https:\\\/\\\/fastway.ae\\\/fr\\\/contactez-nous\\\/\"]}]},{\"@type\":\"BreadcrumbList\",\"@id\":\"https:\\\/\\\/fastway.ae\\\/fr\\\/contactez-nous\\\/#breadcrumb\",\"itemListElement\":[{\"@type\":\"ListItem\",\"position\":1,\"name\":\"Accueil\",\"item\":\"https:\\\/\\\/fastway.ae\\\/fr\\\/\"},{\"@type\":\"ListItem\",\"position\":2,\"name\":\"Contactez-nous\"}]},{\"@type\":\"WebSite\",\"@id\":\"https:\\\/\\\/fastway.ae\\\/fr\\\/#website\",\"url\":\"https:\\\/\\\/fastway.ae\\\/fr\\\/\",\"name\":\"FastWay \u2013 Your new way to travel\",\"description\":\"Your new way to travel\",\"alternateName\":\"FastWay\",\"potentialAction\":[{\"@type\":\"SearchAction\",\"target\":{\"@type\":\"EntryPoint\",\"urlTemplate\":\"https:\\\/\\\/fastway.ae\\\/fr\\\/?s={search_term_string}\"},\"query-input\":{\"@type\":\"PropertyValueSpecification\",\"valueRequired\":true,\"valueName\":\"search_term_string\"}}],\"inLanguage\":\"fr-FR\"}]}<\/script>\n<!-- \/ Yoast SEO plugin. -->","yoast_head_json":{"title":"Contactez-nous - FastWay","robots":{"index":"index","follow":"follow","max-snippet":"max-snippet:-1","max-image-preview":"max-image-preview:large","max-video-preview":"max-video-preview:-1"},"canonical":"https:\/\/fastway.ae\/fr\/contactez-nous\/","og_locale":"fr_FR","og_type":"article","og_title":"Contactez-nous - FastWay","og_description":"Notre \u00e9quipe de service client\u00e8le professionnelle et d\u00e9vou\u00e9e est disponible 24 heures sur 24, 7 jours sur 7 \ud83d\udcde pour vous assister dans toutes vos requ\u00eates &#8211; que ce soit pour choisir le v\u00e9hicule le plus adapt\u00e9 \u00e0 vos besoins, vous recommander des itin\u00e9raires et des attractions aux \u00c9mirats arabes unis, vous aider \u00e0 modifier [&hellip;]","og_url":"https:\/\/fastway.ae\/fr\/contactez-nous\/","og_site_name":"FastWay","article_publisher":"https:\/\/www.facebook.com\/fastway.ae","article_modified_time":"2026-02-01T11:24:01+00:00","og_image":[{"width":2050,"height":780,"url":"https:\/\/fastway.ae\/wp-content\/uploads\/2025\/04\/fastway_banner-for-site_en.png","type":"image\/png"}],"twitter_card":"summary_large_image","twitter_misc":{"Dur\u00e9e de lecture estim\u00e9e":"1 minute"},"schema":{"@context":"https:\/\/schema.org","@graph":[{"@type":"WebPage","@id":"https:\/\/fastway.ae\/fr\/contactez-nous\/","url":"https:\/\/fastway.ae\/fr\/contactez-nous\/","name":"Contactez-nous - FastWay","isPartOf":{"@id":"https:\/\/fastway.ae\/fr\/#website"},"datePublished":"2025-03-18T07:48:39+00:00","dateModified":"2026-02-01T11:24:01+00:00","breadcrumb":{"@id":"https:\/\/fastway.ae\/fr\/contactez-nous\/#breadcrumb"},"inLanguage":"fr-FR","potentialAction":[{"@type":"ReadAction","target":["https:\/\/fastway.ae\/fr\/contactez-nous\/"]}]},{"@type":"BreadcrumbList","@id":"https:\/\/fastway.ae\/fr\/contactez-nous\/#breadcrumb","itemListElement":[{"@type":"ListItem","position":1,"name":"Accueil","item":"https:\/\/fastway.ae\/fr\/"},{"@type":"ListItem","position":2,"name":"Contactez-nous"}]},{"@type":"WebSite","@id":"https:\/\/fastway.ae\/fr\/#website","url":"https:\/\/fastway.ae\/fr\/","name":"FastWay \u2013 Your new way to travel","description":"Your new way to travel","alternateName":"FastWay","potentialAction":[{"@type":"SearchAction","target":{"@type":"EntryPoint","urlTemplate":"https:\/\/fastway.ae\/fr\/?s={search_term_string}"},"query-input":{"@type":"PropertyValueSpecification","valueRequired":true,"valueName":"search_term_string"}}],"inLanguage":"fr-FR"}]}},"_links":{"self":[{"href":"https:\/\/fastway.ae\/fr\/wp-json\/wp\/v2\/pages\/24755","targetHints":{"allow":["GET"]}}],"collection":[{"href":"https:\/\/fastway.ae\/fr\/wp-json\/wp\/v2\/pages"}],"about":[{"href":"https:\/\/fastway.ae\/fr\/wp-json\/wp\/v2\/types\/page"}],"author":[{"embeddable":true,"href":"https:\/\/fastway.ae\/fr\/wp-json\/wp\/v2\/users\/1"}],"replies":[{"embeddable":true,"href":"https:\/\/fastway.ae\/fr\/wp-json\/wp\/v2\/comments?post=24755"}],"version-history":[{"count":4,"href":"https:\/\/fastway.ae\/fr\/wp-json\/wp\/v2\/pages\/24755\/revisions"}],"predecessor-version":[{"id":26175,"href":"https:\/\/fastway.ae\/fr\/wp-json\/wp\/v2\/pages\/24755\/revisions\/26175"}],"wp:attachment":[{"href":"https:\/\/fastway.ae\/fr\/wp-json\/wp\/v2\/media?parent=24755"}],"curies":[{"name":"wp","href":"https:\/\/api.w.org\/{rel}","templated":true}]}}