{"id":24769,"date":"2025-03-18T11:48:26","date_gmt":"2025-03-18T07:48:26","guid":{"rendered":"https:\/\/fastway.ae\/acerca-de-nosotros\/"},"modified":"2025-05-30T12:03:18","modified_gmt":"2025-05-30T08:03:18","slug":"acerca-de-nosotros","status":"publish","type":"page","link":"https:\/\/fastway.ae\/es\/acerca-de-nosotros\/","title":{"rendered":"Acerca de nosotros"},"content":{"rendered":"\n<h2 class=\"wp-block-heading\">Descubra una nueva forma de viajar en los Emiratos \u00c1rabes Unidos \ud83d\ude97<\/h2>\n\n<p><strong><strong>FastWay, impulsada por Dream List Tourism LLC, establecida en 2020, se ha convertido r\u00e1pidamente en un proveedor l\u00edder de servicios de transporte y turismo de primera calidad en los Emiratos \u00c1rabes Unidos. Nuestra reputaci\u00f3n se basa en un compromiso inquebrantable con la calidad, el profesionalismo y el servicio personalizado. <\/strong><\/strong><\/p>\n\n<p>La visi\u00f3n de FastWay naci\u00f3 de una profunda comprensi\u00f3n de las necesidades tur\u00edsticas y de movilidad en los Emiratos \u00c1rabes Unidos. Identificamos la necesidad de un servicio de transporte fiable, flexible y c\u00f3modo que combine los m\u00e1s altos est\u00e1ndares con un enfoque personalizado y atento. Desde nuestra fundaci\u00f3n, hemos trabajado continuamente para mejorar y optimizar nuestros servicios. La creciente demanda de nuestros servicios demuestra nuestro \u00e9xito en identificar y proporcionar soluciones de transporte precisamente adaptadas a las necesidades de los visitantes de los Emiratos \u00c1rabes Unidos \ud83c\udf1f   <\/p>\n\n<p>Nuestra avanzada flota incluye una amplia gama de soluciones de transporte adecuadas para cada necesidad: desde sedanes de lujo para viajes personales, veh\u00edculos utilitarios deportivos espaciosos para familias, minivanes para grupos peque\u00f1os, hasta autocares de lujo para grupos grandes de hasta 49 pasajeros. \ud83d\ude98 Todos nuestros veh\u00edculos se mantienen seg\u00fan los m\u00e1s altos est\u00e1ndares y est\u00e1n equipados con comodidades, incluyendo botellas de agua fr\u00eda gratuitas en cada viaje y asientos de seguridad para ni\u00f1os bajo petici\u00f3n sin coste adicional. Nuestra flota se renueva regularmente para garantizar que nuestros clientes disfruten de veh\u00edculos modernos, c\u00f3modos y fiables en cada viaje.  <\/p>\n\n<p>Nuestro equipo est\u00e1 compuesto por conductores profesionales con amplia experiencia en turismo y transporte de pasajeros. \ud83d\udc68\u200d\u2708\ufe0f Cada conductor se somete a una formaci\u00f3n exhaustiva y est\u00e1 comprometido con los m\u00e1s altos est\u00e1ndares de servicio, puntualidad y seguridad. Todos nuestros conductores est\u00e1n licenciados, completamente asegurados y se someten a minuciosas verificaciones de antecedentes, por lo que puede estar seguro de que est\u00e1 en buenas manos. Su familiaridad con las carreteras, los lugares tur\u00edsticos y la cultura local a\u00f1ade un valor significativo a la experiencia de viaje. Combinado con excelentes habilidades de atenci\u00f3n al cliente, hacen que cada viaje sea una parte integral de una experiencia positiva del visitante en los Emiratos \u00c1rabes Unidos.    <\/p>\n\n<figure class=\"wp-block-image size-full\"><img loading=\"lazy\" decoding=\"async\" width=\"2050\" height=\"780\" src=\"https:\/\/fastway.ae\/wp-content\/uploads\/2025\/04\/fastway_page_cover.png\" alt=\"\" class=\"wp-image-24968\" srcset=\"https:\/\/fastway.ae\/wp-content\/uploads\/2025\/04\/fastway_page_cover.png 2050w, https:\/\/fastway.ae\/wp-content\/uploads\/2025\/04\/fastway_page_cover-300x114.png 300w, https:\/\/fastway.ae\/wp-content\/uploads\/2025\/04\/fastway_page_cover-1024x390.png 1024w, https:\/\/fastway.ae\/wp-content\/uploads\/2025\/04\/fastway_page_cover-768x292.png 768w, https:\/\/fastway.ae\/wp-content\/uploads\/2025\/04\/fastway_page_cover-1536x584.png 1536w, https:\/\/fastway.ae\/wp-content\/uploads\/2025\/04\/fastway_page_cover-2048x779.png 2048w, https:\/\/fastway.ae\/wp-content\/uploads\/2025\/04\/fastway_page_cover-460x175.png 460w, https:\/\/fastway.ae\/wp-content\/uploads\/2025\/04\/fastway_page_cover-800x304.png 800w\" sizes=\"auto, (max-width: 2050px) 100vw, 2050px\" \/><\/figure>\n\n<p>Nos especializamos en diversos servicios de transporte, incluyendo traslados desde todos los aeropuertos de los Emiratos \u00c1rabes Unidos \u2708\ufe0f, transporte entre ciudades (como de Dub\u00e1i a Abu Dhabi), servicios de ch\u00f3fer privado por hora \u23f1\ufe0f, transporte para eventos empresariales, excursiones tur\u00edsticas privadas y paquetes tur\u00edsticos completos. Nuestro servicio de recepci\u00f3n y bienvenida garantiza que su conductor le estar\u00e1 esperando independientemente de las circunstancias, incluso en caso de retrasos en los vuelos. Adem\u00e1s, nuestro servicio puerta a puerta asegurar\u00e1 que llegue directamente a su destino sin molestias adicionales.  <\/p>\n\n<p>Cada cliente recibe un plan de servicio precisamente adaptado a sus necesidades, con total flexibilidad para cambios y soporte disponible las 24 horas del d\u00eda. \ud83d\udcf1 Entendemos que los planes de viaje pueden cambiar, por lo que ofrecemos cancelaci\u00f3n gratuita hasta 48 horas antes del viaje y siempre estamos dispuestos a adaptar nuestro servicio a estos cambios de manera eficiente y r\u00e1pida. <\/p>\n\n<p>FastWay no es solo una empresa de transporte; nos vemos como socios plenos en su experiencia en los Emiratos \u00c1rabes Unidos. Nuestro marco de servicio tambi\u00e9n incluye soluciones complementarias como planificaci\u00f3n de tours, recomendaciones de restaurantes de calidad, reservas de hoteles y atracciones, y acompa\u00f1amiento de gu\u00edas tur\u00edsticos certificados. Nuestro equipo de atenci\u00f3n al cliente habla varios idiomas (ingl\u00e9s, \u00e1rabe, ruso y hebreo) y conoce los principales lugares como Burj Khalifa, Dubai Marina, el \u00e1rea de Palm Jumeirah \ud83c\udf34, y m\u00e1s, junto con joyas ocultas que solo los locales conocen. Nos complace compartir este conocimiento con usted y ayudarle a crear las vacaciones perfectas. Todo esto le permite concentrarse en disfrutar de su visita mientras nosotros nos encargamos de todos los detalles log\u00edsticos.    <\/p>\n\n<p>Adem\u00e1s, nuestro equipo se actualiza regularmente sobre todos los nuevos eventos, atracciones y desarrollos en los Emiratos \u00c1rabes Unidos, desde espect\u00e1culos y eventos deportivos hasta festivales y exposiciones. \ud83c\udfad De esta manera, podemos ofrecerle la informaci\u00f3n m\u00e1s actualizada para planificar la visita perfecta. <\/p>\n\n<p>Recopilamos diligentemente comentarios de nuestros clientes de forma continua y vemos cada comentario como una oportunidad para mejorar. \u2b50 Su satisfacci\u00f3n es la medida principal de nuestro \u00e9xito, y sus recomendaciones son nuestra mayor fuente de orgullo. La confianza depositada en nosotros por miles de clientes satisfechos es nuestra motivaci\u00f3n para seguir sobresaliendo en cada viaje.  <\/p>\n\n<p>Las ventajas adicionales incluyen precios completamente transparentes sin cargos por tarjeta de cr\u00e9dito ni cargos ocultos \ud83d\udcaf, peajes incluidos en el precio, y reservas simples y flexibles a trav\u00e9s del sitio web que solo toman alrededor de 5 minutos. Ofrecemos la opci\u00f3n de pago seguro en l\u00ednea o en efectivo a la llegada, sin cargos adicionales. <\/p>\n\n<p>FastWay se compromete a mantener su liderazgo en servicios de transporte y turismo, al tiempo que sostiene los m\u00e1s altos est\u00e1ndares de profesionalidad, seguridad y servicio. Le invitamos a <a href=\"..\/\">reservar su traslado privado<\/a> y experimentar el nivel superior de servicio que se ha convertido en sin\u00f3nimo de nuestra reputaci\u00f3n en la industria. \ud83e\udd1d Ya sea que venga a los Emiratos \u00c1rabes Unidos por negocios, ocio o cualquier otro prop\u00f3sito, estamos aqu\u00ed para hacer de su trayecto una parte integral de una experiencia positiva e inolvidable.  <\/p>\n\n<p><strong><strong>Su viaje comienza en el momento en que elige FastWay &#8211; su nueva forma de viajar<\/strong><\/strong><strong><strong> \ud83d\udee3\ufe0f<\/strong><\/strong><\/p>\n","protected":false},"excerpt":{"rendered":"<p>Descubra una nueva forma de viajar en los Emiratos \u00c1rabes Unidos \ud83d\ude97 FastWay, impulsada por Dream List Tourism LLC, establecida en 2020, se ha convertido r\u00e1pidamente en un proveedor l\u00edder de servicios de transporte y turismo de primera calidad en los Emiratos \u00c1rabes Unidos. Nuestra reputaci\u00f3n se basa en un compromiso inquebrantable con la calidad, [&hellip;]<\/p>\n","protected":false},"author":1,"featured_media":0,"parent":0,"menu_order":0,"comment_status":"closed","ping_status":"closed","template":"templates\/2columns-logo-and-content.php","meta":{"footnotes":""},"class_list":["post-24769","page","type-page","status-publish","hentry"],"yoast_head":"<!-- This site is optimized with the Yoast SEO plugin v27.5 - https:\/\/yoast.com\/product\/yoast-seo-wordpress\/ -->\n<title>Acerca de nosotros - FastWay<\/title>\n<meta name=\"robots\" content=\"index, follow, max-snippet:-1, max-image-preview:large, max-video-preview:-1\" \/>\n<link rel=\"canonical\" href=\"https:\/\/fastway.ae\/es\/acerca-de-nosotros\/\" \/>\n<meta property=\"og:locale\" content=\"es_ES\" \/>\n<meta property=\"og:type\" content=\"article\" \/>\n<meta property=\"og:title\" content=\"Acerca de nosotros - FastWay\" \/>\n<meta property=\"og:description\" content=\"Descubra una nueva forma de viajar en los Emiratos \u00c1rabes Unidos \ud83d\ude97 FastWay, impulsada por Dream List Tourism LLC, establecida en 2020, se ha convertido r\u00e1pidamente en un proveedor l\u00edder de servicios de transporte y turismo de primera calidad en los Emiratos \u00c1rabes Unidos. Nuestra reputaci\u00f3n se basa en un compromiso inquebrantable con la calidad, [&hellip;]\" \/>\n<meta property=\"og:url\" content=\"https:\/\/fastway.ae\/es\/acerca-de-nosotros\/\" \/>\n<meta property=\"og:site_name\" content=\"FastWay\" \/>\n<meta property=\"article:publisher\" content=\"https:\/\/www.facebook.com\/fastway.ae\" \/>\n<meta property=\"article:modified_time\" content=\"2025-05-30T08:03:18+00:00\" \/>\n<meta property=\"og:image\" content=\"https:\/\/fastway.ae\/wp-content\/uploads\/2025\/04\/fastway_page_cover.png\" \/>\n\t<meta property=\"og:image:width\" content=\"2050\" \/>\n\t<meta property=\"og:image:height\" content=\"780\" \/>\n\t<meta property=\"og:image:type\" content=\"image\/png\" \/>\n<meta name=\"twitter:card\" content=\"summary_large_image\" \/>\n<meta name=\"twitter:label1\" content=\"Tiempo de lectura\" \/>\n\t<meta name=\"twitter:data1\" content=\"5 minuto\" \/>\n<script type=\"application\/ld+json\" class=\"yoast-schema-graph\">{\"@context\":\"https:\\\/\\\/schema.org\",\"@graph\":[{\"@type\":\"WebPage\",\"@id\":\"https:\\\/\\\/fastway.ae\\\/es\\\/acerca-de-nosotros\\\/\",\"url\":\"https:\\\/\\\/fastway.ae\\\/es\\\/acerca-de-nosotros\\\/\",\"name\":\"Acerca de nosotros - FastWay\",\"isPartOf\":{\"@id\":\"https:\\\/\\\/fastway.ae\\\/es\\\/#website\"},\"primaryImageOfPage\":{\"@id\":\"https:\\\/\\\/fastway.ae\\\/es\\\/acerca-de-nosotros\\\/#primaryimage\"},\"image\":{\"@id\":\"https:\\\/\\\/fastway.ae\\\/es\\\/acerca-de-nosotros\\\/#primaryimage\"},\"thumbnailUrl\":\"https:\\\/\\\/fastway.ae\\\/wp-content\\\/uploads\\\/2025\\\/04\\\/fastway_page_cover.png\",\"datePublished\":\"2025-03-18T07:48:26+00:00\",\"dateModified\":\"2025-05-30T08:03:18+00:00\",\"breadcrumb\":{\"@id\":\"https:\\\/\\\/fastway.ae\\\/es\\\/acerca-de-nosotros\\\/#breadcrumb\"},\"inLanguage\":\"es\",\"potentialAction\":[{\"@type\":\"ReadAction\",\"target\":[\"https:\\\/\\\/fastway.ae\\\/es\\\/acerca-de-nosotros\\\/\"]}]},{\"@type\":\"ImageObject\",\"inLanguage\":\"es\",\"@id\":\"https:\\\/\\\/fastway.ae\\\/es\\\/acerca-de-nosotros\\\/#primaryimage\",\"url\":\"https:\\\/\\\/fastway.ae\\\/wp-content\\\/uploads\\\/2025\\\/04\\\/fastway_page_cover.png\",\"contentUrl\":\"https:\\\/\\\/fastway.ae\\\/wp-content\\\/uploads\\\/2025\\\/04\\\/fastway_page_cover.png\"},{\"@type\":\"BreadcrumbList\",\"@id\":\"https:\\\/\\\/fastway.ae\\\/es\\\/acerca-de-nosotros\\\/#breadcrumb\",\"itemListElement\":[{\"@type\":\"ListItem\",\"position\":1,\"name\":\"Inicio\",\"item\":\"https:\\\/\\\/fastway.ae\\\/es\\\/\"},{\"@type\":\"ListItem\",\"position\":2,\"name\":\"Acerca de nosotros\"}]},{\"@type\":\"WebSite\",\"@id\":\"https:\\\/\\\/fastway.ae\\\/es\\\/#website\",\"url\":\"https:\\\/\\\/fastway.ae\\\/es\\\/\",\"name\":\"FastWay \u2013 Your new way to travel\",\"description\":\"Your new way to travel\",\"alternateName\":\"FastWay\",\"potentialAction\":[{\"@type\":\"SearchAction\",\"target\":{\"@type\":\"EntryPoint\",\"urlTemplate\":\"https:\\\/\\\/fastway.ae\\\/es\\\/?s={search_term_string}\"},\"query-input\":{\"@type\":\"PropertyValueSpecification\",\"valueRequired\":true,\"valueName\":\"search_term_string\"}}],\"inLanguage\":\"es\"}]}<\/script>\n<!-- \/ Yoast SEO plugin. -->","yoast_head_json":{"title":"Acerca de nosotros - FastWay","robots":{"index":"index","follow":"follow","max-snippet":"max-snippet:-1","max-image-preview":"max-image-preview:large","max-video-preview":"max-video-preview:-1"},"canonical":"https:\/\/fastway.ae\/es\/acerca-de-nosotros\/","og_locale":"es_ES","og_type":"article","og_title":"Acerca de nosotros - FastWay","og_description":"Descubra una nueva forma de viajar en los Emiratos \u00c1rabes Unidos \ud83d\ude97 FastWay, impulsada por Dream List Tourism LLC, establecida en 2020, se ha convertido r\u00e1pidamente en un proveedor l\u00edder de servicios de transporte y turismo de primera calidad en los Emiratos \u00c1rabes Unidos. Nuestra reputaci\u00f3n se basa en un compromiso inquebrantable con la calidad, [&hellip;]","og_url":"https:\/\/fastway.ae\/es\/acerca-de-nosotros\/","og_site_name":"FastWay","article_publisher":"https:\/\/www.facebook.com\/fastway.ae","article_modified_time":"2025-05-30T08:03:18+00:00","og_image":[{"width":2050,"height":780,"url":"https:\/\/fastway.ae\/wp-content\/uploads\/2025\/04\/fastway_page_cover.png","type":"image\/png"}],"twitter_card":"summary_large_image","twitter_misc":{"Tiempo de lectura":"5 minuto"},"schema":{"@context":"https:\/\/schema.org","@graph":[{"@type":"WebPage","@id":"https:\/\/fastway.ae\/es\/acerca-de-nosotros\/","url":"https:\/\/fastway.ae\/es\/acerca-de-nosotros\/","name":"Acerca de nosotros - FastWay","isPartOf":{"@id":"https:\/\/fastway.ae\/es\/#website"},"primaryImageOfPage":{"@id":"https:\/\/fastway.ae\/es\/acerca-de-nosotros\/#primaryimage"},"image":{"@id":"https:\/\/fastway.ae\/es\/acerca-de-nosotros\/#primaryimage"},"thumbnailUrl":"https:\/\/fastway.ae\/wp-content\/uploads\/2025\/04\/fastway_page_cover.png","datePublished":"2025-03-18T07:48:26+00:00","dateModified":"2025-05-30T08:03:18+00:00","breadcrumb":{"@id":"https:\/\/fastway.ae\/es\/acerca-de-nosotros\/#breadcrumb"},"inLanguage":"es","potentialAction":[{"@type":"ReadAction","target":["https:\/\/fastway.ae\/es\/acerca-de-nosotros\/"]}]},{"@type":"ImageObject","inLanguage":"es","@id":"https:\/\/fastway.ae\/es\/acerca-de-nosotros\/#primaryimage","url":"https:\/\/fastway.ae\/wp-content\/uploads\/2025\/04\/fastway_page_cover.png","contentUrl":"https:\/\/fastway.ae\/wp-content\/uploads\/2025\/04\/fastway_page_cover.png"},{"@type":"BreadcrumbList","@id":"https:\/\/fastway.ae\/es\/acerca-de-nosotros\/#breadcrumb","itemListElement":[{"@type":"ListItem","position":1,"name":"Inicio","item":"https:\/\/fastway.ae\/es\/"},{"@type":"ListItem","position":2,"name":"Acerca de nosotros"}]},{"@type":"WebSite","@id":"https:\/\/fastway.ae\/es\/#website","url":"https:\/\/fastway.ae\/es\/","name":"FastWay \u2013 Your new way to travel","description":"Your new way to travel","alternateName":"FastWay","potentialAction":[{"@type":"SearchAction","target":{"@type":"EntryPoint","urlTemplate":"https:\/\/fastway.ae\/es\/?s={search_term_string}"},"query-input":{"@type":"PropertyValueSpecification","valueRequired":true,"valueName":"search_term_string"}}],"inLanguage":"es"}]}},"_links":{"self":[{"href":"https:\/\/fastway.ae\/es\/wp-json\/wp\/v2\/pages\/24769","targetHints":{"allow":["GET"]}}],"collection":[{"href":"https:\/\/fastway.ae\/es\/wp-json\/wp\/v2\/pages"}],"about":[{"href":"https:\/\/fastway.ae\/es\/wp-json\/wp\/v2\/types\/page"}],"author":[{"embeddable":true,"href":"https:\/\/fastway.ae\/es\/wp-json\/wp\/v2\/users\/1"}],"replies":[{"embeddable":true,"href":"https:\/\/fastway.ae\/es\/wp-json\/wp\/v2\/comments?post=24769"}],"version-history":[{"count":5,"href":"https:\/\/fastway.ae\/es\/wp-json\/wp\/v2\/pages\/24769\/revisions"}],"predecessor-version":[{"id":25673,"href":"https:\/\/fastway.ae\/es\/wp-json\/wp\/v2\/pages\/24769\/revisions\/25673"}],"wp:attachment":[{"href":"https:\/\/fastway.ae\/es\/wp-json\/wp\/v2\/media?parent=24769"}],"curies":[{"name":"wp","href":"https:\/\/api.w.org\/{rel}","templated":true}]}}