{"id":24757,"date":"2025-03-18T11:48:39","date_gmt":"2025-03-18T07:48:39","guid":{"rendered":"https:\/\/fastway.ae\/contactenos\/"},"modified":"2026-02-01T15:22:45","modified_gmt":"2026-02-01T11:22:45","slug":"contactenos","status":"publish","type":"page","link":"https:\/\/fastway.ae\/es\/contactenos\/","title":{"rendered":"Cont\u00e1ctenos"},"content":{"rendered":"\n<p class=\"font-semibold\"><strong>Nuestro equipo de atenci\u00f3n al cliente profesional y dedicado est\u00e1 disponible las 24 horas del d\u00eda, los 7 d\u00edas de la semana \ud83d\udcde para asistirle con cualquier consulta: selecci\u00f3n del veh\u00edculo adecuado para sus necesidades, recomendaciones sobre rutas y atracciones en los Emiratos \u00c1rabes Unidos, asistencia para modificar o actualizar reservas existentes, y respuestas a cualquier pregunta que pueda tener.<\/strong><\/p>\n\n\n\n<p>Ofrecemos un servicio personalizado adaptado a cada cliente y nos comprometemos a brindarle la mejor experiencia durante todo su trayecto, desde el momento de la reserva hasta que llegue a su destino. \ud83d\udee3\ufe0f <\/p>\n\n\n\n<p>Complete el formulario y nos pondremos en contacto con usted a la mayor brevedad posible, o haga clic en el bot\u00f3n de WhatsApp a continuaci\u00f3n para un contacto r\u00e1pido y personalizado. Nuestro equipo de expertos estar\u00e1 encantado de proporcionarle la informaci\u00f3n m\u00e1s precisa y actualizada. <\/p>\n\n\n\n<p>Nuestro equipo multiling\u00fce habla ingl\u00e9s, \u00e1rabe, ruso y hebreo para su comodidad, garantizando una comunicaci\u00f3n fluida y eficiente. \ud83c\udf0d<\/p>\n\n\n\n<p>\u00a1Estamos aqu\u00ed para hacer que su experiencia de viaje en los Emiratos \u00c1rabes Unidos sea agradable, segura y libre de preocupaciones! \ud83d\ude97<\/p>\n\n\n\n<div class=\"wpcf7 no-js\" id=\"wpcf7-f24816-o1\" lang=\"es-ES\" dir=\"ltr\" data-wpcf7-id=\"24816\">\n<div class=\"screen-reader-response\"><p role=\"status\" aria-live=\"polite\" aria-atomic=\"true\"><\/p> <ul><\/ul><\/div>\n<form action=\"\/es\/wp-json\/wp\/v2\/pages\/24757#wpcf7-f24816-o1\" method=\"post\" class=\"wpcf7-form init\" aria-label=\"Formulario de contacto\" novalidate=\"novalidate\" data-status=\"init\">\n<fieldset class=\"hidden-fields-container\"><input type=\"hidden\" name=\"_wpcf7\" value=\"24816\" \/><input type=\"hidden\" name=\"_wpcf7_version\" value=\"6.1.5\" \/><input type=\"hidden\" name=\"_wpcf7_locale\" value=\"es_ES\" \/><input type=\"hidden\" name=\"_wpcf7_unit_tag\" value=\"wpcf7-f24816-o1\" \/><input type=\"hidden\" name=\"_wpcf7_container_post\" value=\"0\" \/><input type=\"hidden\" name=\"_wpcf7_posted_data_hash\" value=\"\" \/>\n<\/fieldset>\n<div class=\"form-group\">\n\t<p><label for=\"your-subject\" class=\"sr-only\">Asunto<\/label><br \/>\n<span class=\"wpcf7-form-control-wrap\" data-name=\"your-subject\"><select class=\"wpcf7-form-control wpcf7-select form-control\" id=\"your-subject\" aria-invalid=\"false\" name=\"your-subject\"><option value=\"Reserva existente - cambios y actualizaciones\">Reserva existente - cambios y actualizaciones<\/option><option value=\"Nuevas reservas e informaci\u00f3n de servicios\">Nuevas reservas e informaci\u00f3n de servicios<\/option><option value=\"Planificaci\u00f3n de rutas y asesoramiento personal\">Planificaci\u00f3n de rutas y asesoramiento personal<\/option><\/select><\/span>\n\t<\/p>\n<\/div>\n<div class=\"form-group relative\">\n\t<p><label for=\"your-name\" class=\"sr-only\">Nombre<\/label><span class=\"form-control-icon\"><i class=\"fa-kit fa-user\"><\/i><\/span><span class=\"wpcf7-form-control-wrap\" data-name=\"your-name\"><input size=\"40\" maxlength=\"400\" class=\"wpcf7-form-control wpcf7-text wpcf7-validates-as-required form-control with-icon\" id=\"your-name\" autocomplete=\"name\" aria-required=\"true\" aria-invalid=\"false\" placeholder=\"SU NOMBRE *\" value=\"\" type=\"text\" name=\"your-name\" \/><\/span>\n\t<\/p>\n<\/div>\n<div class=\"form-group relative\">\n\t<p><label for=\"your-email\" class=\"sr-only\">Correo electr\u00f3nico<\/label><span class=\"form-control-icon\"><i class=\"fa-kit fa-envelope\"><\/i><\/span><span class=\"wpcf7-form-control-wrap\" data-name=\"your-email\"><input size=\"40\" maxlength=\"400\" class=\"wpcf7-form-control wpcf7-email wpcf7-validates-as-required wpcf7-text wpcf7-validates-as-email form-control with-icon with-icon-envelope\" id=\"your-email\" autocomplete=\"email\" aria-required=\"true\" aria-invalid=\"false\" placeholder=\"CORREO ELECTR\u00d3NICO *\" value=\"\" type=\"email\" name=\"your-email\" \/><\/span>\n\t<\/p>\n<\/div>\n<div class=\"form-group\">\n\t<p><label for=\"your-phone\" class=\"sr-only\">Tel\u00e9fono<\/label><span class=\"wpcf7-form-control-wrap\" data-name=\"your-phone\"><input size=\"40\" class=\"wpcf7-form-control wpcf7-phonetext wpcf7-validates-as-required wpcf7-text wpcf7-validates-as-phonetext form-control\" id=\"your-phone\" aria-required=\"true\" aria-invalid=\"false\" placeholder=\"123-456-7890\" value=\"\" type=\"text\" name=\"your-phone\" \/><input type=\"hidden\" name=\"your-phone-country-code\" class=\"wpcf7-phonetext-country-code\" \/><\/span>\n\t<\/p>\n<\/div>\n<div class=\"form-group\">\n\t<p><label for=\"your-message\" class=\"sr-only\">Mensaje<\/label><span class=\"wpcf7-form-control-wrap\" data-name=\"your-message\"><textarea cols=\"40\" rows=\"10\" maxlength=\"2000\" class=\"wpcf7-form-control wpcf7-textarea form-control\" id=\"your-message\" aria-invalid=\"false\" placeholder=\"SU MENSAJE ...\" name=\"your-message\"><\/textarea><\/span>\n\t<\/p>\n<\/div>\n<p><button type=\"submit\" class=\"button button-primary hover-spread-button\">Enviar<\/button>\n<\/p><p style=\"display: none !important;\" class=\"akismet-fields-container\" data-prefix=\"_wpcf7_ak_\"><label>&#916;<textarea name=\"_wpcf7_ak_hp_textarea\" cols=\"45\" rows=\"8\" maxlength=\"100\"><\/textarea><\/label><input type=\"hidden\" id=\"ak_js_1\" name=\"_wpcf7_ak_js\" value=\"193\"\/><script>\ndocument.getElementById( \"ak_js_1\" ).setAttribute( \"value\", ( new Date() ).getTime() );\n<\/script>\n<\/p><div class=\"wpcf7-response-output\" aria-hidden=\"true\"><\/div>\n<\/form>\n<\/div>\n\n\n\n\n<p class=\"has-text-align-center\">o<\/p>\n\n\n\n<a href=\"https:\/\/api.whatsapp.com\/send?phone=971502547205&#038;text=Hi%20FastWay.ae%20team\" class=\"button button-success hover-spread-button\" target=\"_blank\"><i class=\"fa-brands fa-whatsapp\"><\/i> Env\u00edenos un mensaje por WhatsApp<\/a>\n\n\n\n<p><\/p>\n","protected":false},"excerpt":{"rendered":"<p>Nuestro equipo de atenci\u00f3n al cliente profesional y dedicado est\u00e1 disponible las 24 horas del d\u00eda, los 7 d\u00edas de la semana \ud83d\udcde para asistirle con cualquier consulta: selecci\u00f3n del veh\u00edculo adecuado para sus necesidades, recomendaciones sobre rutas y atracciones en los Emiratos \u00c1rabes Unidos, asistencia para modificar o actualizar reservas existentes, y respuestas a [&hellip;]<\/p>\n","protected":false},"author":1,"featured_media":0,"parent":0,"menu_order":0,"comment_status":"closed","ping_status":"closed","template":"templates\/2columns-logo-and-content.php","meta":{"footnotes":""},"class_list":["post-24757","page","type-page","status-publish","hentry"],"yoast_head":"<!-- This site is optimized with the Yoast SEO plugin v27.6 - https:\/\/yoast.com\/product\/yoast-seo-wordpress\/ -->\n<title>Cont\u00e1ctenos - FastWay<\/title>\n<meta name=\"robots\" content=\"index, follow, max-snippet:-1, max-image-preview:large, max-video-preview:-1\" \/>\n<link rel=\"canonical\" href=\"https:\/\/fastway.ae\/es\/contactenos\/\" \/>\n<meta property=\"og:locale\" content=\"es_ES\" \/>\n<meta property=\"og:type\" content=\"article\" \/>\n<meta property=\"og:title\" content=\"Cont\u00e1ctenos - FastWay\" \/>\n<meta property=\"og:description\" content=\"Nuestro equipo de atenci\u00f3n al cliente profesional y dedicado est\u00e1 disponible las 24 horas del d\u00eda, los 7 d\u00edas de la semana \ud83d\udcde para asistirle con cualquier consulta: selecci\u00f3n del veh\u00edculo adecuado para sus necesidades, recomendaciones sobre rutas y atracciones en los Emiratos \u00c1rabes Unidos, asistencia para modificar o actualizar reservas existentes, y respuestas a [&hellip;]\" \/>\n<meta property=\"og:url\" content=\"https:\/\/fastway.ae\/es\/contactenos\/\" \/>\n<meta property=\"og:site_name\" content=\"FastWay\" \/>\n<meta property=\"article:publisher\" content=\"https:\/\/www.facebook.com\/fastway.ae\" \/>\n<meta property=\"article:modified_time\" content=\"2026-02-01T11:22:45+00:00\" \/>\n<meta property=\"og:image\" content=\"https:\/\/fastway.ae\/wp-content\/uploads\/2025\/04\/fastway_banner-for-site_en.png\" \/>\n\t<meta property=\"og:image:width\" content=\"2050\" \/>\n\t<meta property=\"og:image:height\" content=\"780\" \/>\n\t<meta property=\"og:image:type\" content=\"image\/png\" \/>\n<meta name=\"twitter:card\" content=\"summary_large_image\" \/>\n<meta name=\"twitter:label1\" content=\"Tiempo de lectura\" \/>\n\t<meta name=\"twitter:data1\" content=\"1 minuto\" \/>\n<script type=\"application\/ld+json\" class=\"yoast-schema-graph\">{\"@context\":\"https:\\\/\\\/schema.org\",\"@graph\":[{\"@type\":\"WebPage\",\"@id\":\"https:\\\/\\\/fastway.ae\\\/es\\\/contactenos\\\/\",\"url\":\"https:\\\/\\\/fastway.ae\\\/es\\\/contactenos\\\/\",\"name\":\"Cont\u00e1ctenos - FastWay\",\"isPartOf\":{\"@id\":\"https:\\\/\\\/fastway.ae\\\/es\\\/#website\"},\"datePublished\":\"2025-03-18T07:48:39+00:00\",\"dateModified\":\"2026-02-01T11:22:45+00:00\",\"breadcrumb\":{\"@id\":\"https:\\\/\\\/fastway.ae\\\/es\\\/contactenos\\\/#breadcrumb\"},\"inLanguage\":\"es\",\"potentialAction\":[{\"@type\":\"ReadAction\",\"target\":[\"https:\\\/\\\/fastway.ae\\\/es\\\/contactenos\\\/\"]}]},{\"@type\":\"BreadcrumbList\",\"@id\":\"https:\\\/\\\/fastway.ae\\\/es\\\/contactenos\\\/#breadcrumb\",\"itemListElement\":[{\"@type\":\"ListItem\",\"position\":1,\"name\":\"Inicio\",\"item\":\"https:\\\/\\\/fastway.ae\\\/es\\\/\"},{\"@type\":\"ListItem\",\"position\":2,\"name\":\"Cont\u00e1ctenos\"}]},{\"@type\":\"WebSite\",\"@id\":\"https:\\\/\\\/fastway.ae\\\/es\\\/#website\",\"url\":\"https:\\\/\\\/fastway.ae\\\/es\\\/\",\"name\":\"FastWay \u2013 Your new way to travel\",\"description\":\"Your new way to travel\",\"alternateName\":\"FastWay\",\"potentialAction\":[{\"@type\":\"SearchAction\",\"target\":{\"@type\":\"EntryPoint\",\"urlTemplate\":\"https:\\\/\\\/fastway.ae\\\/es\\\/?s={search_term_string}\"},\"query-input\":{\"@type\":\"PropertyValueSpecification\",\"valueRequired\":true,\"valueName\":\"search_term_string\"}}],\"inLanguage\":\"es\"}]}<\/script>\n<!-- \/ Yoast SEO plugin. -->","yoast_head_json":{"title":"Cont\u00e1ctenos - FastWay","robots":{"index":"index","follow":"follow","max-snippet":"max-snippet:-1","max-image-preview":"max-image-preview:large","max-video-preview":"max-video-preview:-1"},"canonical":"https:\/\/fastway.ae\/es\/contactenos\/","og_locale":"es_ES","og_type":"article","og_title":"Cont\u00e1ctenos - FastWay","og_description":"Nuestro equipo de atenci\u00f3n al cliente profesional y dedicado est\u00e1 disponible las 24 horas del d\u00eda, los 7 d\u00edas de la semana \ud83d\udcde para asistirle con cualquier consulta: selecci\u00f3n del veh\u00edculo adecuado para sus necesidades, recomendaciones sobre rutas y atracciones en los Emiratos \u00c1rabes Unidos, asistencia para modificar o actualizar reservas existentes, y respuestas a [&hellip;]","og_url":"https:\/\/fastway.ae\/es\/contactenos\/","og_site_name":"FastWay","article_publisher":"https:\/\/www.facebook.com\/fastway.ae","article_modified_time":"2026-02-01T11:22:45+00:00","og_image":[{"width":2050,"height":780,"url":"https:\/\/fastway.ae\/wp-content\/uploads\/2025\/04\/fastway_banner-for-site_en.png","type":"image\/png"}],"twitter_card":"summary_large_image","twitter_misc":{"Tiempo de lectura":"1 minuto"},"schema":{"@context":"https:\/\/schema.org","@graph":[{"@type":"WebPage","@id":"https:\/\/fastway.ae\/es\/contactenos\/","url":"https:\/\/fastway.ae\/es\/contactenos\/","name":"Cont\u00e1ctenos - FastWay","isPartOf":{"@id":"https:\/\/fastway.ae\/es\/#website"},"datePublished":"2025-03-18T07:48:39+00:00","dateModified":"2026-02-01T11:22:45+00:00","breadcrumb":{"@id":"https:\/\/fastway.ae\/es\/contactenos\/#breadcrumb"},"inLanguage":"es","potentialAction":[{"@type":"ReadAction","target":["https:\/\/fastway.ae\/es\/contactenos\/"]}]},{"@type":"BreadcrumbList","@id":"https:\/\/fastway.ae\/es\/contactenos\/#breadcrumb","itemListElement":[{"@type":"ListItem","position":1,"name":"Inicio","item":"https:\/\/fastway.ae\/es\/"},{"@type":"ListItem","position":2,"name":"Cont\u00e1ctenos"}]},{"@type":"WebSite","@id":"https:\/\/fastway.ae\/es\/#website","url":"https:\/\/fastway.ae\/es\/","name":"FastWay \u2013 Your new way to travel","description":"Your new way to travel","alternateName":"FastWay","potentialAction":[{"@type":"SearchAction","target":{"@type":"EntryPoint","urlTemplate":"https:\/\/fastway.ae\/es\/?s={search_term_string}"},"query-input":{"@type":"PropertyValueSpecification","valueRequired":true,"valueName":"search_term_string"}}],"inLanguage":"es"}]}},"_links":{"self":[{"href":"https:\/\/fastway.ae\/es\/wp-json\/wp\/v2\/pages\/24757","targetHints":{"allow":["GET"]}}],"collection":[{"href":"https:\/\/fastway.ae\/es\/wp-json\/wp\/v2\/pages"}],"about":[{"href":"https:\/\/fastway.ae\/es\/wp-json\/wp\/v2\/types\/page"}],"author":[{"embeddable":true,"href":"https:\/\/fastway.ae\/es\/wp-json\/wp\/v2\/users\/1"}],"replies":[{"embeddable":true,"href":"https:\/\/fastway.ae\/es\/wp-json\/wp\/v2\/comments?post=24757"}],"version-history":[{"count":4,"href":"https:\/\/fastway.ae\/es\/wp-json\/wp\/v2\/pages\/24757\/revisions"}],"predecessor-version":[{"id":26172,"href":"https:\/\/fastway.ae\/es\/wp-json\/wp\/v2\/pages\/24757\/revisions\/26172"}],"wp:attachment":[{"href":"https:\/\/fastway.ae\/es\/wp-json\/wp\/v2\/media?parent=24757"}],"curies":[{"name":"wp","href":"https:\/\/api.w.org\/{rel}","templated":true}]}}