{"id":24275,"date":"2025-03-18T11:48:39","date_gmt":"2025-03-18T07:48:39","guid":{"rendered":"https:\/\/fastway.ae\/kontaktieren-sie-uns\/"},"modified":"2026-02-01T15:23:12","modified_gmt":"2026-02-01T11:23:12","slug":"kontaktieren-sie-uns","status":"publish","type":"page","link":"https:\/\/fastway.ae\/de\/kontaktieren-sie-uns\/","title":{"rendered":"Kontaktieren Sie uns"},"content":{"rendered":"\n<p class=\"font-semibold\"><strong>Unser professionelles und engagiertes Kundendienstteam steht Ihnen rund um die Uhr zur Verf\u00fcgung \ud83d\udcde, um Sie bei allen Anfragen zu unterst\u00fctzen \u2013 sei es bei der Auswahl des richtigen Fahrzeugs f\u00fcr Ihre Bed\u00fcrfnisse, Empfehlungen zu Routen und Sehensw\u00fcrdigkeiten in den VAE, Hilfe bei der \u00c4nderung oder Aktualisierung bestehender Buchungen sowie Antworten auf jegliche Fragen, die Sie haben k\u00f6nnten.<\/strong><\/p>\n\n\n\n<p>Wir bieten einen personalisierten Service, der auf jeden Kunden zugeschnitten ist, und setzen uns daf\u00fcr ein, Ihnen w\u00e4hrend Ihrer gesamten Reise das bestm\u00f6gliche Erlebnis zu bieten \u2013 vom Moment der Buchung bis Sie Ihr Ziel erreichen. \ud83d\udee3\ufe0f <\/p>\n\n\n\n<p>F\u00fcllen Sie das Formular aus, und wir werden uns schnellstm\u00f6glich bei Ihnen melden, oder klicken Sie auf die WhatsApp-Schaltfl\u00e4che unten f\u00fcr einen schnellen und pers\u00f6nlichen Kontakt. Unser Expertenteam wird Ihnen gerne die genauesten und aktuellsten Informationen zur Verf\u00fcgung stellen. <\/p>\n\n\n\n<p>Unser mehrsprachiges Team spricht zu Ihrer Bequemlichkeit Englisch, Arabisch, Russisch und Hebr\u00e4isch, um eine reibungslose und effiziente Kommunikation zu gew\u00e4hrleisten. \ud83c\udf0d<\/p>\n\n\n\n<p>Wir sind hier, um Ihr Reiseerlebnis in den Vereinigten Arabischen Emiraten angenehm, sicher und sorgenfrei zu gestalten! \ud83d\ude97<\/p>\n\n\n\n<div class=\"wpcf7 no-js\" id=\"wpcf7-f24498-o1\" lang=\"de-DE\" dir=\"ltr\" data-wpcf7-id=\"24498\">\n<div class=\"screen-reader-response\"><p role=\"status\" aria-live=\"polite\" aria-atomic=\"true\"><\/p> <ul><\/ul><\/div>\n<form action=\"\/de\/wp-json\/wp\/v2\/pages\/24275#wpcf7-f24498-o1\" method=\"post\" class=\"wpcf7-form init\" aria-label=\"Kontaktformular\" novalidate=\"novalidate\" data-status=\"init\">\n<fieldset class=\"hidden-fields-container\"><input type=\"hidden\" name=\"_wpcf7\" value=\"24498\" \/><input type=\"hidden\" name=\"_wpcf7_version\" value=\"6.1.5\" \/><input type=\"hidden\" name=\"_wpcf7_locale\" value=\"de_DE\" \/><input type=\"hidden\" name=\"_wpcf7_unit_tag\" value=\"wpcf7-f24498-o1\" \/><input type=\"hidden\" name=\"_wpcf7_container_post\" value=\"0\" \/><input type=\"hidden\" name=\"_wpcf7_posted_data_hash\" value=\"\" \/>\n<\/fieldset>\n<div class=\"form-group\">\n\t<p><label for=\"your-subject\" class=\"sr-only\">Betreff<\/label><br \/>\n<span class=\"wpcf7-form-control-wrap\" data-name=\"your-subject\"><select class=\"wpcf7-form-control wpcf7-select form-control\" id=\"your-subject\" aria-invalid=\"false\" name=\"your-subject\"><option value=\"Bestehende Buchung - \u00c4nderungen und Aktualisierungen\">Bestehende Buchung - \u00c4nderungen und Aktualisierungen<\/option><option value=\"Neue Buchungen und Serviceinformationen\">Neue Buchungen und Serviceinformationen<\/option><option value=\"Routenplanung und pers\u00f6nliche Beratung\">Routenplanung und pers\u00f6nliche Beratung<\/option><\/select><\/span>\n\t<\/p>\n<\/div>\n<div class=\"form-group relative\">\n\t<p><label for=\"your-name\" class=\"sr-only\">Name<\/label><span class=\"form-control-icon\"><i class=\"fa-kit fa-user\"><\/i><\/span><span class=\"wpcf7-form-control-wrap\" data-name=\"your-name\"><input size=\"40\" maxlength=\"400\" class=\"wpcf7-form-control wpcf7-text wpcf7-validates-as-required form-control with-icon\" id=\"your-name\" autocomplete=\"name\" aria-required=\"true\" aria-invalid=\"false\" placeholder=\"IHR NAME *\" value=\"\" type=\"text\" name=\"your-name\" \/><\/span>\n\t<\/p>\n<\/div>\n<div class=\"form-group relative\">\n\t<p><label for=\"your-email\" class=\"sr-only\">E-Mail<\/label><span class=\"form-control-icon\"><i class=\"fa-kit fa-envelope\"><\/i><\/span><span class=\"wpcf7-form-control-wrap\" data-name=\"your-email\"><input size=\"40\" maxlength=\"400\" class=\"wpcf7-form-control wpcf7-email wpcf7-validates-as-required wpcf7-text wpcf7-validates-as-email form-control with-icon with-icon-envelope\" id=\"your-email\" autocomplete=\"email\" aria-required=\"true\" aria-invalid=\"false\" placeholder=\"E-MAIL-ADRESSE *\" value=\"\" type=\"email\" name=\"your-email\" \/><\/span>\n\t<\/p>\n<\/div>\n<div class=\"form-group\">\n\t<p><label for=\"your-phone\" class=\"sr-only\">Telefonnummer<\/label><span class=\"wpcf7-form-control-wrap\" data-name=\"your-phone\"><input size=\"40\" class=\"wpcf7-form-control wpcf7-phonetext wpcf7-validates-as-required wpcf7-text wpcf7-validates-as-phonetext form-control\" id=\"your-phone\" aria-required=\"true\" aria-invalid=\"false\" placeholder=\"123-456-7890\" value=\"\" type=\"text\" name=\"your-phone\" \/><input type=\"hidden\" name=\"your-phone-country-code\" class=\"wpcf7-phonetext-country-code\" \/><\/span>\n\t<\/p>\n<\/div>\n<div class=\"form-group\">\n\t<p><label for=\"your-message\" class=\"sr-only\">Nachricht<\/label><span class=\"wpcf7-form-control-wrap\" data-name=\"your-message\"><textarea cols=\"40\" rows=\"10\" maxlength=\"2000\" class=\"wpcf7-form-control wpcf7-textarea form-control\" id=\"your-message\" aria-invalid=\"false\" placeholder=\"IHRE NACHRICHT ...\" name=\"your-message\"><\/textarea><\/span>\n\t<\/p>\n<\/div>\n<p><button type=\"submit\" class=\"button button-primary hover-spread-button\">Absenden<\/button>\n<\/p><p style=\"display: none !important;\" class=\"akismet-fields-container\" data-prefix=\"_wpcf7_ak_\"><label>&#916;<textarea name=\"_wpcf7_ak_hp_textarea\" cols=\"45\" rows=\"8\" maxlength=\"100\"><\/textarea><\/label><input type=\"hidden\" id=\"ak_js_1\" name=\"_wpcf7_ak_js\" value=\"22\"\/><script>\ndocument.getElementById( \"ak_js_1\" ).setAttribute( \"value\", ( new Date() ).getTime() );\n<\/script>\n<\/p><div class=\"wpcf7-response-output\" aria-hidden=\"true\"><\/div>\n<\/form>\n<\/div>\n\n\n\n\n<p class=\"has-text-align-center\">oder<\/p>\n\n\n\n<a href=\"https:\/\/api.whatsapp.com\/send?phone=971502547205&#038;text=Hi%20FastWay.ae%20team\" class=\"button button-success hover-spread-button\" target=\"_blank\"><i class=\"fa-brands fa-whatsapp\"><\/i> Senden Sie uns eine WhatsApp-Nachricht<\/a>\n\n\n\n<p><\/p>\n","protected":false},"excerpt":{"rendered":"<p>Unser professionelles und engagiertes Kundendienstteam steht Ihnen rund um die Uhr zur Verf\u00fcgung \ud83d\udcde, um Sie bei allen Anfragen zu unterst\u00fctzen \u2013 sei es bei der Auswahl des richtigen Fahrzeugs f\u00fcr Ihre Bed\u00fcrfnisse, Empfehlungen zu Routen und Sehensw\u00fcrdigkeiten in den VAE, Hilfe bei der \u00c4nderung oder Aktualisierung bestehender Buchungen sowie Antworten auf jegliche Fragen, die [&hellip;]<\/p>\n","protected":false},"author":1,"featured_media":0,"parent":0,"menu_order":0,"comment_status":"closed","ping_status":"closed","template":"templates\/2columns-logo-and-content.php","meta":{"footnotes":""},"class_list":["post-24275","page","type-page","status-publish","hentry"],"yoast_head":"<!-- This site is optimized with the Yoast SEO plugin v27.6 - https:\/\/yoast.com\/product\/yoast-seo-wordpress\/ -->\n<title>Kontaktieren Sie uns - FastWay<\/title>\n<meta name=\"robots\" content=\"index, follow, max-snippet:-1, max-image-preview:large, max-video-preview:-1\" \/>\n<link rel=\"canonical\" href=\"https:\/\/fastway.ae\/de\/kontaktieren-sie-uns\/\" \/>\n<meta property=\"og:locale\" content=\"de_DE\" \/>\n<meta property=\"og:type\" content=\"article\" \/>\n<meta property=\"og:title\" content=\"Kontaktieren Sie uns - FastWay\" \/>\n<meta property=\"og:description\" content=\"Unser professionelles und engagiertes Kundendienstteam steht Ihnen rund um die Uhr zur Verf\u00fcgung \ud83d\udcde, um Sie bei allen Anfragen zu unterst\u00fctzen \u2013 sei es bei der Auswahl des richtigen Fahrzeugs f\u00fcr Ihre Bed\u00fcrfnisse, Empfehlungen zu Routen und Sehensw\u00fcrdigkeiten in den VAE, Hilfe bei der \u00c4nderung oder Aktualisierung bestehender Buchungen sowie Antworten auf jegliche Fragen, die [&hellip;]\" \/>\n<meta property=\"og:url\" content=\"https:\/\/fastway.ae\/de\/kontaktieren-sie-uns\/\" \/>\n<meta property=\"og:site_name\" content=\"FastWay\" \/>\n<meta property=\"article:publisher\" content=\"https:\/\/www.facebook.com\/fastway.ae\" \/>\n<meta property=\"article:modified_time\" content=\"2026-02-01T11:23:12+00:00\" \/>\n<meta property=\"og:image\" content=\"https:\/\/fastway.ae\/wp-content\/uploads\/2025\/04\/fastway_banner-for-site_en.png\" \/>\n\t<meta property=\"og:image:width\" content=\"2050\" \/>\n\t<meta property=\"og:image:height\" content=\"780\" \/>\n\t<meta property=\"og:image:type\" content=\"image\/png\" \/>\n<meta name=\"twitter:card\" content=\"summary_large_image\" \/>\n<meta name=\"twitter:label1\" content=\"Gesch\u00e4tzte Lesezeit\" \/>\n\t<meta name=\"twitter:data1\" content=\"1\u00a0Minute\" \/>\n<script type=\"application\/ld+json\" class=\"yoast-schema-graph\">{\"@context\":\"https:\\\/\\\/schema.org\",\"@graph\":[{\"@type\":\"WebPage\",\"@id\":\"https:\\\/\\\/fastway.ae\\\/de\\\/kontaktieren-sie-uns\\\/\",\"url\":\"https:\\\/\\\/fastway.ae\\\/de\\\/kontaktieren-sie-uns\\\/\",\"name\":\"Kontaktieren Sie uns - FastWay\",\"isPartOf\":{\"@id\":\"https:\\\/\\\/fastway.ae\\\/de\\\/#website\"},\"datePublished\":\"2025-03-18T07:48:39+00:00\",\"dateModified\":\"2026-02-01T11:23:12+00:00\",\"breadcrumb\":{\"@id\":\"https:\\\/\\\/fastway.ae\\\/de\\\/kontaktieren-sie-uns\\\/#breadcrumb\"},\"inLanguage\":\"de\",\"potentialAction\":[{\"@type\":\"ReadAction\",\"target\":[\"https:\\\/\\\/fastway.ae\\\/de\\\/kontaktieren-sie-uns\\\/\"]}]},{\"@type\":\"BreadcrumbList\",\"@id\":\"https:\\\/\\\/fastway.ae\\\/de\\\/kontaktieren-sie-uns\\\/#breadcrumb\",\"itemListElement\":[{\"@type\":\"ListItem\",\"position\":1,\"name\":\"Startseite\",\"item\":\"https:\\\/\\\/fastway.ae\\\/de\\\/\"},{\"@type\":\"ListItem\",\"position\":2,\"name\":\"Kontaktieren Sie uns\"}]},{\"@type\":\"WebSite\",\"@id\":\"https:\\\/\\\/fastway.ae\\\/de\\\/#website\",\"url\":\"https:\\\/\\\/fastway.ae\\\/de\\\/\",\"name\":\"FastWay \u2013 Your new way to travel\",\"description\":\"Ihre neue Art zu reisen\",\"alternateName\":\"FastWay\",\"potentialAction\":[{\"@type\":\"SearchAction\",\"target\":{\"@type\":\"EntryPoint\",\"urlTemplate\":\"https:\\\/\\\/fastway.ae\\\/de\\\/?s={search_term_string}\"},\"query-input\":{\"@type\":\"PropertyValueSpecification\",\"valueRequired\":true,\"valueName\":\"search_term_string\"}}],\"inLanguage\":\"de\"}]}<\/script>\n<!-- \/ Yoast SEO plugin. -->","yoast_head_json":{"title":"Kontaktieren Sie uns - FastWay","robots":{"index":"index","follow":"follow","max-snippet":"max-snippet:-1","max-image-preview":"max-image-preview:large","max-video-preview":"max-video-preview:-1"},"canonical":"https:\/\/fastway.ae\/de\/kontaktieren-sie-uns\/","og_locale":"de_DE","og_type":"article","og_title":"Kontaktieren Sie uns - FastWay","og_description":"Unser professionelles und engagiertes Kundendienstteam steht Ihnen rund um die Uhr zur Verf\u00fcgung \ud83d\udcde, um Sie bei allen Anfragen zu unterst\u00fctzen \u2013 sei es bei der Auswahl des richtigen Fahrzeugs f\u00fcr Ihre Bed\u00fcrfnisse, Empfehlungen zu Routen und Sehensw\u00fcrdigkeiten in den VAE, Hilfe bei der \u00c4nderung oder Aktualisierung bestehender Buchungen sowie Antworten auf jegliche Fragen, die [&hellip;]","og_url":"https:\/\/fastway.ae\/de\/kontaktieren-sie-uns\/","og_site_name":"FastWay","article_publisher":"https:\/\/www.facebook.com\/fastway.ae","article_modified_time":"2026-02-01T11:23:12+00:00","og_image":[{"width":2050,"height":780,"url":"https:\/\/fastway.ae\/wp-content\/uploads\/2025\/04\/fastway_banner-for-site_en.png","type":"image\/png"}],"twitter_card":"summary_large_image","twitter_misc":{"Gesch\u00e4tzte Lesezeit":"1\u00a0Minute"},"schema":{"@context":"https:\/\/schema.org","@graph":[{"@type":"WebPage","@id":"https:\/\/fastway.ae\/de\/kontaktieren-sie-uns\/","url":"https:\/\/fastway.ae\/de\/kontaktieren-sie-uns\/","name":"Kontaktieren Sie uns - FastWay","isPartOf":{"@id":"https:\/\/fastway.ae\/de\/#website"},"datePublished":"2025-03-18T07:48:39+00:00","dateModified":"2026-02-01T11:23:12+00:00","breadcrumb":{"@id":"https:\/\/fastway.ae\/de\/kontaktieren-sie-uns\/#breadcrumb"},"inLanguage":"de","potentialAction":[{"@type":"ReadAction","target":["https:\/\/fastway.ae\/de\/kontaktieren-sie-uns\/"]}]},{"@type":"BreadcrumbList","@id":"https:\/\/fastway.ae\/de\/kontaktieren-sie-uns\/#breadcrumb","itemListElement":[{"@type":"ListItem","position":1,"name":"Startseite","item":"https:\/\/fastway.ae\/de\/"},{"@type":"ListItem","position":2,"name":"Kontaktieren Sie uns"}]},{"@type":"WebSite","@id":"https:\/\/fastway.ae\/de\/#website","url":"https:\/\/fastway.ae\/de\/","name":"FastWay \u2013 Your new way to travel","description":"Ihre neue Art zu reisen","alternateName":"FastWay","potentialAction":[{"@type":"SearchAction","target":{"@type":"EntryPoint","urlTemplate":"https:\/\/fastway.ae\/de\/?s={search_term_string}"},"query-input":{"@type":"PropertyValueSpecification","valueRequired":true,"valueName":"search_term_string"}}],"inLanguage":"de"}]}},"_links":{"self":[{"href":"https:\/\/fastway.ae\/de\/wp-json\/wp\/v2\/pages\/24275","targetHints":{"allow":["GET"]}}],"collection":[{"href":"https:\/\/fastway.ae\/de\/wp-json\/wp\/v2\/pages"}],"about":[{"href":"https:\/\/fastway.ae\/de\/wp-json\/wp\/v2\/types\/page"}],"author":[{"embeddable":true,"href":"https:\/\/fastway.ae\/de\/wp-json\/wp\/v2\/users\/1"}],"replies":[{"embeddable":true,"href":"https:\/\/fastway.ae\/de\/wp-json\/wp\/v2\/comments?post=24275"}],"version-history":[{"count":9,"href":"https:\/\/fastway.ae\/de\/wp-json\/wp\/v2\/pages\/24275\/revisions"}],"predecessor-version":[{"id":26173,"href":"https:\/\/fastway.ae\/de\/wp-json\/wp\/v2\/pages\/24275\/revisions\/26173"}],"wp:attachment":[{"href":"https:\/\/fastway.ae\/de\/wp-json\/wp\/v2\/media?parent=24275"}],"curies":[{"name":"wp","href":"https:\/\/api.w.org\/{rel}","templated":true}]}}